{"id":2976,"date":"2025-07-09T09:57:29","date_gmt":"2025-07-09T07:57:29","guid":{"rendered":"https:\/\/bryte.nu\/erklaerung-zum-datenschutz\/"},"modified":"2025-07-28T16:01:28","modified_gmt":"2025-07-28T14:01:28","slug":"erklaerung-zum-datenschutz","status":"publish","type":"page","link":"https:\/\/bryte.nu\/de\/erklaerung-zum-datenschutz\/","title":{"rendered":"Erkl\u00e4rung zum Datenschutz"},"content":{"rendered":"\t\t<div data-elementor-type=\"wp-page\" data-elementor-id=\"2976\" class=\"elementor elementor-2976 elementor-1971\" data-elementor-post-type=\"page\">\n\t\t\t\t<div class=\"elementor-element elementor-element-6253e1d e-con-full e-flex e-con e-parent\" data-id=\"6253e1d\" data-element_type=\"container\" data-e-type=\"container\" data-settings=\"{&quot;background_background&quot;:&quot;classic&quot;,&quot;shape_divider_bottom&quot;:&quot;curve&quot;,&quot;shape_divider_bottom_negative&quot;:&quot;yes&quot;,&quot;jet_parallax_layout_list&quot;:[]}\">\n\t\t\t\t<div class=\"elementor-shape elementor-shape-bottom\" aria-hidden=\"true\" data-negative=\"true\">\n\t\t\t<svg xmlns=\"http:\/\/www.w3.org\/2000\/svg\" viewBox=\"0 0 1000 100\" preserveAspectRatio=\"none\">\n\t<path class=\"elementor-shape-fill\" d=\"M500,97C126.7,96.3,0.8,19.8,0,0v100l1000,0V1C1000,19.4,873.3,97.8,500,97z\"\/>\n<\/svg>\t\t<\/div>\n\t\t<div class=\"elementor-element elementor-element-8e1787c e-con-full e-flex e-con e-child\" data-id=\"8e1787c\" data-element_type=\"container\" data-e-type=\"container\" data-settings=\"{&quot;jet_parallax_layout_list&quot;:[]}\">\n\t\t\t\t<div class=\"elementor-element elementor-element-ef8bf80 elementor-widget elementor-widget-heading\" data-id=\"ef8bf80\" data-element_type=\"widget\" data-e-type=\"widget\" data-widget_type=\"heading.default\">\n\t\t\t\t<div class=\"elementor-widget-container\">\n\t\t\t\t\t<h1 class=\"elementor-heading-title elementor-size-default\">Datenschutz<br>Erkl\u00e4rung<\/h1>\t\t\t\t<\/div>\n\t\t\t\t<\/div>\n\t\t\t\t<\/div>\n\t\t\t\t<\/div>\n\t\t<div class=\"elementor-element elementor-element-2c593d4 e-flex e-con-boxed e-con e-parent\" data-id=\"2c593d4\" data-element_type=\"container\" data-e-type=\"container\" data-settings=\"{&quot;jet_parallax_layout_list&quot;:[]}\">\n\t\t\t\t\t<div class=\"e-con-inner\">\n\t\t<div class=\"elementor-element elementor-element-990967a e-con-full e-flex e-con e-child\" data-id=\"990967a\" data-element_type=\"container\" data-e-type=\"container\" data-settings=\"{&quot;background_background&quot;:&quot;classic&quot;,&quot;jet_parallax_layout_list&quot;:[]}\">\n\t\t\t\t<div class=\"elementor-element elementor-element-550cb8e elementor-widget elementor-widget-text-editor\" data-id=\"550cb8e\" data-element_type=\"widget\" data-e-type=\"widget\" data-widget_type=\"text-editor.default\">\n\t\t\t\t<div class=\"elementor-widget-container\">\n\t\t\t\t\t\t\t\t\t<p>Die Bryte Groep BV mit Sitz am Groeneweg 30, 2691 MP &#8217;s-Gravenzande, ist f\u00fcr die Verarbeitung der personenbezogenen Daten verantwortlich, die in dieser Datenschutzerkl\u00e4rung aufgef\u00fchrt sind.<\/p><h4 class=\"wp-block-heading fusion-responsive-typography-calculated\" data-fontsize=\"24\" data-lineheight=\"31.92px\">Kontaktangaben<\/h4><p>Die Website von Bryte lautet: www.bryte.nu. Die Adressangaben lauten: Groeneweg 30, 2691 MP, &#8217;s-Gravenzande. Die Telefonnummer lautet: +31(0)174 - 640 750.  <\/p><p>M. Dukker ist die Datenschutzbeauftragte von Bryte. Sie erreichen sie unter <a href=\"mailto:mieke@bryte.nu\">mieke@bryte.nu.<\/a><\/p><h4 class=\"fusion-responsive-typography-calculated\" data-fontsize=\"24\" data-lineheight=\"31.92px\">Pers\u00f6nliche Daten, die wir verarbeiten<\/h4><p>Bryte verarbeitet Ihre personenbezogenen Daten, weil Sie unsere Dienste nutzen und\/oder weil Sie uns diese selbst zur Verf\u00fcgung stellen. Nachstehend finden Sie einen \u00dcberblick \u00fcber die personenbezogenen Daten, die wir verarbeiten: <\/p><ul><li>Name des Unternehmens<\/li><li>Vorname und Nachname<\/li><li>Adresse Details<\/li><li>Rufnummer<\/li><li>E-Mail Adresse<\/li><li>IP-Adresse<\/li><li>Details zum Standort<\/li><li>Daten \u00fcber Ihre Aktivit\u00e4ten auf unserer Website<\/li><li>Internet-Browser und Ger\u00e4tetyp<\/li><\/ul><h4 class=\"fusion-responsive-typography-calculated\" data-fontsize=\"24\" data-lineheight=\"31.92px\">Besondere und\/oder sensible pers\u00f6nliche Daten, die wir verarbeiten<\/h4><p>Unsere Website und\/oder unser Service beabsichtigt nicht, Daten von Website-Besuchern zu sammeln, die unter 16 Jahre alt sind. Es sei denn, sie haben die Zustimmung ihrer Eltern oder Erziehungsberechtigten. Wir k\u00f6nnen jedoch nicht \u00fcberpr\u00fcfen, ob ein Besucher \u00e4lter als 16 Jahre ist. Wir raten Eltern daher, sich mit den Online-Aktivit\u00e4ten ihrer Kinder zu befassen, um zu vermeiden, dass Daten von Kindern ohne elterliche Zustimmung erfasst werden. Wenn Sie davon \u00fcberzeugt sind, dass wir personenbezogene Daten \u00fcber einen Minderj\u00e4hrigen ohne eine solche Zustimmung gesammelt haben, kontaktieren Sie uns bitte unter <a href=\"mailto:mieke@bryte.nu\">mieke@bryte.nu und<\/a> wir werden diese Informationen l\u00f6schen.    <\/p><h4 class=\"fusion-responsive-typography-calculated\" data-fontsize=\"24\" data-lineheight=\"31.92px\">Zu welchem Zweck und auf welcher Grundlage wir personenbezogene Daten verarbeiten<\/h4><p>Bryte verarbeitet Ihre personenbezogenen Daten f\u00fcr die folgenden Zwecke:<\/p><ul><li>Sie anzurufen oder per E-Mail zu kontaktieren, falls dies zur Erbringung unserer Dienstleistungen erforderlich ist<\/li><li>Information \u00fcber \u00c4nderungen an unseren Dienstleistungen, unserer Produktpalette und unseren Produkten<\/li><li>Um Ihnen Waren und Dienstleistungen zu liefern<\/li><li>Bryte verarbeitet auch personenbezogene Daten, wenn wir gesetzlich dazu verpflichtet sind, wie z.B. Daten, die wir f\u00fcr unsere Steuererkl\u00e4rung ben\u00f6tigen.<\/li><\/ul><h4 class=\"fusion-responsive-typography-calculated\" data-fontsize=\"24\" data-lineheight=\"31.92px\">Automatisierte Entscheidungsfindung<\/h4><p>Bryte trifft keine Entscheidungen \u00fcber Angelegenheiten, die Einzelpersonen (erheblich) beeintr\u00e4chtigen k\u00f6nnten, auf der Grundlage einer automatisierten Verarbeitung. Dies sind Entscheidungen, die von Computerprogrammen oder -systemen getroffen werden, ohne dass ein Mensch (z.B. ein Mitarbeiter von Bryte) daran beteiligt ist. <\/p><h4 class=\"fusion-responsive-typography-calculated\" data-fontsize=\"24\" data-lineheight=\"31.92px\">Wie lange wir pers\u00f6nliche Daten aufbewahren<\/h4><p>Bryte wird Ihre pers\u00f6nlichen Daten nicht l\u00e4nger aufbewahren, als es unbedingt notwendig ist, um die Zwecke zu erf\u00fcllen, f\u00fcr die Ihre Daten erhoben wurden.<\/p><h4 class=\"fusion-responsive-typography-calculated\" data-fontsize=\"24\" data-lineheight=\"31.92px\">Weitergabe pers\u00f6nlicher Daten an Dritte<\/h4><p>Bryte verkauft Ihre Daten nicht an Dritte und gibt sie nur weiter, wenn dies f\u00fcr die Erf\u00fcllung unserer Vereinbarung mit Ihnen oder zur Erf\u00fcllung einer gesetzlichen Verpflichtung erforderlich ist. Mit Unternehmen, die Ihre Daten in unserem Auftrag verarbeiten, schlie\u00dfen wir einen Verarbeitungsvertrag ab, um das gleiche Niveau an Sicherheit und Vertraulichkeit Ihrer Daten zu gew\u00e4hrleisten. Bryte bleibt f\u00fcr diese Verarbeitung verantwortlich.  <\/p><h4 class=\"fusion-responsive-typography-calculated\" data-fontsize=\"24\" data-lineheight=\"31.92px\">Cookies oder \u00e4hnliche Techniken, die wir verwenden<\/h4><p>Bryte verwendet funktionale und Tracking-Cookies. Und analytische Cookies, die nicht in Ihre Privatsph\u00e4re eindringen. Ein Cookie ist eine kleine Textdatei, die auf Ihrem Computer, Tablet oder Smartphone gespeichert wird, wenn Sie diese Website zum ersten Mal besuchen. Die Cookies, die wir verwenden, sind f\u00fcr den technischen Betrieb der Website und Ihre Benutzerfreundlichkeit notwendig. Sie sorgen daf\u00fcr, dass die Website ordnungsgem\u00e4\u00df funktioniert und merken sich zum Beispiel Ihre Pr\u00e4ferenzen. Sie erm\u00f6glichen es uns auch, unsere Website zu optimieren. Sie k\u00f6nnen die Verwendung von Cookies ablehnen, indem Sie Ihren Internetbrowser so einstellen, dass keine Cookies mehr gespeichert werden. Sie k\u00f6nnen auch alle zuvor gespeicherten Informationen \u00fcber Ihre Browsereinstellungen l\u00f6schen.       <\/p><h4 class=\"fusion-responsive-typography-calculated\" data-fontsize=\"24\" data-lineheight=\"31.92px\">Daten ansehen, \u00e4ndern oder l\u00f6schen<\/h4><p>Sie haben das Recht, auf Ihre personenbezogenen Daten zuzugreifen, sie zu korrigieren oder zu l\u00f6schen. Sie haben auch das Recht, Ihre eventuelle Zustimmung zur Datenverarbeitung zur\u00fcckzuziehen oder der Verarbeitung Ihrer personenbezogenen Daten durch unser Unternehmen zu widersprechen, und Sie haben das Recht auf Daten\u00fcbertragbarkeit. Das bedeutet, dass Sie bei uns beantragen k\u00f6nnen, dass die personenbezogenen Daten, die wir \u00fcber Sie in einer Computerdatei gespeichert haben, an Sie oder eine andere von Ihnen benannte Organisation \u00fcbermittelt werden. Wenn Sie von Ihrem Widerspruchsrecht und\/oder Ihrem Recht auf Daten\u00fcbertragbarkeit Gebrauch machen m\u00f6chten oder andere Fragen\/Anmerkungen zur Datenverarbeitung haben, senden Sie bitte einen detaillierten Antrag an <a href=\"mailto:mieke@bryte.nu\">mieke@bryte.nu.<\/a> Um sicherzustellen, dass der Antrag auf Einsichtnahme von Ihnen gestellt wird, bitten wir Sie, dem Antrag eine Kopie Ihres Identit\u00e4tsnachweises beizuf\u00fcgen. Schw\u00e4rzen Sie in dieser Kopie Ihr Passfoto, die MRZ (maschinenlesbare Zone, der Zahlenstreifen am unteren Rand des Passes), die Passnummer und die B\u00fcrgerservicenummer (BSN). Dies dient dem Schutz Ihrer Privatsph\u00e4re. Bryte wird Ihre Anfrage so schnell wie m\u00f6glich beantworten, auf jeden Fall aber innerhalb von vier Wochen. Bryte m\u00f6chte Sie au\u00dferdem dar\u00fcber informieren, dass Sie die M\u00f6glichkeit haben, bei der nationalen Aufsichtsbeh\u00f6rde, der Beh\u00f6rde f\u00fcr personenbezogene Daten, eine Beschwerde einzureichen. Sie k\u00f6nnen dies \u00fcber diese Website tun: <a href=\"https:\/\/autoriteitpersoonsgegevens.nl\/nl\/contact-met-de-autoriteit-persoonsgegevens\/tip-ons\">autoriteitpersoonsgegevens.nl<\/a>.         <\/p><h4 class=\"fusion-responsive-typography-calculated\" data-fontsize=\"24\" data-lineheight=\"31.92px\">Wie wir pers\u00f6nliche Daten sch\u00fctzen<\/h4><p>Bryte nimmt den Schutz Ihrer Daten ernst und ergreift geeignete Ma\u00dfnahmen, um Missbrauch, Verlust, unbefugtem Zugriff, unerw\u00fcnschter Offenlegung und unbefugter \u00c4nderung entgegenzuwirken. Wenn Sie den Eindruck haben, dass Ihre Daten nicht ordnungsgem\u00e4\u00df gesichert sind oder es Anzeichen f\u00fcr einen Missbrauch gibt, wenden Sie sich bitte an unsere Verwaltung oder \u00fcber <a href=\"mailto:mieke@bryte.nu\">mieke@bryte.nu.<\/a> <\/p>\t\t\t\t\t\t\t\t<\/div>\n\t\t\t\t<\/div>\n\t\t\t\t<\/div>\n\t\t\t\t\t<\/div>\n\t\t\t\t<\/div>\n\t\t\t\t<\/div>\n\t\t","protected":false},"excerpt":{"rendered":"<p>DatenschutzErkl\u00e4rung Die Bryte Groep BV mit Sitz am Groeneweg 30, 2691 MP &#8217;s-Gravenzande, ist f\u00fcr die Verarbeitung der personenbezogenen Daten verantwortlich, die in dieser Datenschutzerkl\u00e4rung aufgef\u00fchrt sind. Kontaktangaben Die Website von Bryte lautet: www.bryte.nu. Die Adressangaben lauten: Groeneweg 30, 2691 MP, &#8217;s-Gravenzande. Die Telefonnummer lautet: +31(0)174 - 640 750. M. Dukker ist die Datenschutzbeauftragte von [&hellip;]<\/p>\n","protected":false},"author":1,"featured_media":0,"parent":0,"menu_order":0,"comment_status":"closed","ping_status":"closed","template":"","meta":{"footnotes":""},"class_list":["post-2976","page","type-page","status-publish","hentry"],"yoast_head":"<!-- This site is optimized with the Yoast SEO plugin v27.4 - https:\/\/yoast.com\/product\/yoast-seo-wordpress\/ -->\n<title>-<\/title>\n<meta name=\"robots\" content=\"index, follow, max-snippet:-1, max-image-preview:large, max-video-preview:-1\" \/>\n<link rel=\"canonical\" href=\"https:\/\/bryte.nu\/de\/erklaerung-zum-datenschutz\/\" \/>\n<meta property=\"og:locale\" content=\"de_DE\" \/>\n<meta property=\"og:type\" content=\"article\" \/>\n<meta property=\"og:title\" content=\"-\" \/>\n<meta property=\"og:description\" content=\"DatenschutzErkl\u00e4rung Die Bryte Groep BV mit Sitz am Groeneweg 30, 2691 MP &#8217;s-Gravenzande, ist f\u00fcr die Verarbeitung der personenbezogenen Daten verantwortlich, die in dieser Datenschutzerkl\u00e4rung aufgef\u00fchrt sind. Kontaktangaben Die Website von Bryte lautet: www.bryte.nu. Die Adressangaben lauten: Groeneweg 30, 2691 MP, &#8217;s-Gravenzande. Die Telefonnummer lautet: +31(0)174 - 640 750. M. Dukker ist die Datenschutzbeauftragte von [&hellip;]\" \/>\n<meta property=\"og:url\" content=\"https:\/\/bryte.nu\/de\/erklaerung-zum-datenschutz\/\" \/>\n<meta property=\"og:site_name\" content=\"Bryte\" \/>\n<meta property=\"article:publisher\" content=\"https:\/\/www.facebook.com\/BryteGroep\/\" \/>\n<meta property=\"article:modified_time\" content=\"2025-07-28T14:01:28+00:00\" \/>\n<meta name=\"twitter:card\" content=\"summary_large_image\" \/>\n<meta name=\"twitter:label1\" content=\"Gesch\u00e4tzte Lesezeit\" \/>\n\t<meta name=\"twitter:data1\" content=\"4 Minuten\" \/>\n<script type=\"application\/ld+json\" class=\"yoast-schema-graph\">{\"@context\":\"https:\\\/\\\/schema.org\",\"@graph\":[{\"@type\":\"WebPage\",\"@id\":\"https:\\\/\\\/bryte.nu\\\/de\\\/erklaerung-zum-datenschutz\\\/\",\"url\":\"https:\\\/\\\/bryte.nu\\\/de\\\/erklaerung-zum-datenschutz\\\/\",\"name\":\"-\",\"isPartOf\":{\"@id\":\"https:\\\/\\\/bryte.nu\\\/de\\\/#website\"},\"datePublished\":\"2025-07-09T07:57:29+00:00\",\"dateModified\":\"2025-07-28T14:01:28+00:00\",\"breadcrumb\":{\"@id\":\"https:\\\/\\\/bryte.nu\\\/de\\\/erklaerung-zum-datenschutz\\\/#breadcrumb\"},\"inLanguage\":\"de\",\"potentialAction\":[{\"@type\":\"ReadAction\",\"target\":[\"https:\\\/\\\/bryte.nu\\\/de\\\/erklaerung-zum-datenschutz\\\/\"]}]},{\"@type\":\"BreadcrumbList\",\"@id\":\"https:\\\/\\\/bryte.nu\\\/de\\\/erklaerung-zum-datenschutz\\\/#breadcrumb\",\"itemListElement\":[{\"@type\":\"ListItem\",\"position\":1,\"name\":\"Startseite\",\"item\":\"https:\\\/\\\/bryte.nu\\\/de\\\/startseite\\\/\"},{\"@type\":\"ListItem\",\"position\":2,\"name\":\"Erkl\u00e4rung zum Datenschutz\"}]},{\"@type\":\"WebSite\",\"@id\":\"https:\\\/\\\/bryte.nu\\\/de\\\/#website\",\"url\":\"https:\\\/\\\/bryte.nu\\\/de\\\/\",\"name\":\"Bryte\",\"description\":\"Wo das Gl\u00fcck w\u00e4chst\",\"publisher\":{\"@id\":\"https:\\\/\\\/bryte.nu\\\/de\\\/#organization\"},\"potentialAction\":[{\"@type\":\"SearchAction\",\"target\":{\"@type\":\"EntryPoint\",\"urlTemplate\":\"https:\\\/\\\/bryte.nu\\\/de\\\/?s={search_term_string}\"},\"query-input\":{\"@type\":\"PropertyValueSpecification\",\"valueRequired\":true,\"valueName\":\"search_term_string\"}}],\"inLanguage\":\"de\"},{\"@type\":\"Organization\",\"@id\":\"https:\\\/\\\/bryte.nu\\\/de\\\/#organization\",\"name\":\"Bryte\",\"url\":\"https:\\\/\\\/bryte.nu\\\/de\\\/\",\"logo\":{\"@type\":\"ImageObject\",\"inLanguage\":\"de\",\"@id\":\"https:\\\/\\\/bryte.nu\\\/de\\\/#\\\/schema\\\/logo\\\/image\\\/\",\"url\":\"https:\\\/\\\/bryte.nu\\\/wp-content\\\/uploads\\\/2025\\\/05\\\/20180873-Bryte-Logo-rgb-DEF.png\",\"contentUrl\":\"https:\\\/\\\/bryte.nu\\\/wp-content\\\/uploads\\\/2025\\\/05\\\/20180873-Bryte-Logo-rgb-DEF.png\",\"width\":1477,\"height\":1182,\"caption\":\"Bryte\"},\"image\":{\"@id\":\"https:\\\/\\\/bryte.nu\\\/de\\\/#\\\/schema\\\/logo\\\/image\\\/\"},\"sameAs\":[\"https:\\\/\\\/www.facebook.com\\\/BryteGroep\\\/\",\"https:\\\/\\\/www.instagram.com\\\/bryte_groep\\\/\",\"https:\\\/\\\/www.linkedin.com\\\/company\\\/bryte-groep\\\/\"]}]}<\/script>\n<!-- \/ Yoast SEO plugin. -->","yoast_head_json":{"title":"-","robots":{"index":"index","follow":"follow","max-snippet":"max-snippet:-1","max-image-preview":"max-image-preview:large","max-video-preview":"max-video-preview:-1"},"canonical":"https:\/\/bryte.nu\/de\/erklaerung-zum-datenschutz\/","og_locale":"de_DE","og_type":"article","og_title":"-","og_description":"DatenschutzErkl\u00e4rung Die Bryte Groep BV mit Sitz am Groeneweg 30, 2691 MP &#8217;s-Gravenzande, ist f\u00fcr die Verarbeitung der personenbezogenen Daten verantwortlich, die in dieser Datenschutzerkl\u00e4rung aufgef\u00fchrt sind. Kontaktangaben Die Website von Bryte lautet: www.bryte.nu. Die Adressangaben lauten: Groeneweg 30, 2691 MP, &#8217;s-Gravenzande. Die Telefonnummer lautet: +31(0)174 - 640 750. M. Dukker ist die Datenschutzbeauftragte von [&hellip;]","og_url":"https:\/\/bryte.nu\/de\/erklaerung-zum-datenschutz\/","og_site_name":"Bryte","article_publisher":"https:\/\/www.facebook.com\/BryteGroep\/","article_modified_time":"2025-07-28T14:01:28+00:00","twitter_card":"summary_large_image","twitter_misc":{"Gesch\u00e4tzte Lesezeit":"4 Minuten"},"schema":{"@context":"https:\/\/schema.org","@graph":[{"@type":"WebPage","@id":"https:\/\/bryte.nu\/de\/erklaerung-zum-datenschutz\/","url":"https:\/\/bryte.nu\/de\/erklaerung-zum-datenschutz\/","name":"-","isPartOf":{"@id":"https:\/\/bryte.nu\/de\/#website"},"datePublished":"2025-07-09T07:57:29+00:00","dateModified":"2025-07-28T14:01:28+00:00","breadcrumb":{"@id":"https:\/\/bryte.nu\/de\/erklaerung-zum-datenschutz\/#breadcrumb"},"inLanguage":"de","potentialAction":[{"@type":"ReadAction","target":["https:\/\/bryte.nu\/de\/erklaerung-zum-datenschutz\/"]}]},{"@type":"BreadcrumbList","@id":"https:\/\/bryte.nu\/de\/erklaerung-zum-datenschutz\/#breadcrumb","itemListElement":[{"@type":"ListItem","position":1,"name":"Startseite","item":"https:\/\/bryte.nu\/de\/startseite\/"},{"@type":"ListItem","position":2,"name":"Erkl\u00e4rung zum Datenschutz"}]},{"@type":"WebSite","@id":"https:\/\/bryte.nu\/de\/#website","url":"https:\/\/bryte.nu\/de\/","name":"Bryte","description":"Wo das Gl\u00fcck w\u00e4chst","publisher":{"@id":"https:\/\/bryte.nu\/de\/#organization"},"potentialAction":[{"@type":"SearchAction","target":{"@type":"EntryPoint","urlTemplate":"https:\/\/bryte.nu\/de\/?s={search_term_string}"},"query-input":{"@type":"PropertyValueSpecification","valueRequired":true,"valueName":"search_term_string"}}],"inLanguage":"de"},{"@type":"Organization","@id":"https:\/\/bryte.nu\/de\/#organization","name":"Bryte","url":"https:\/\/bryte.nu\/de\/","logo":{"@type":"ImageObject","inLanguage":"de","@id":"https:\/\/bryte.nu\/de\/#\/schema\/logo\/image\/","url":"https:\/\/bryte.nu\/wp-content\/uploads\/2025\/05\/20180873-Bryte-Logo-rgb-DEF.png","contentUrl":"https:\/\/bryte.nu\/wp-content\/uploads\/2025\/05\/20180873-Bryte-Logo-rgb-DEF.png","width":1477,"height":1182,"caption":"Bryte"},"image":{"@id":"https:\/\/bryte.nu\/de\/#\/schema\/logo\/image\/"},"sameAs":["https:\/\/www.facebook.com\/BryteGroep\/","https:\/\/www.instagram.com\/bryte_groep\/","https:\/\/www.linkedin.com\/company\/bryte-groep\/"]}]}},"_links":{"self":[{"href":"https:\/\/bryte.nu\/de\/wp-json\/wp\/v2\/pages\/2976","targetHints":{"allow":["GET"]}}],"collection":[{"href":"https:\/\/bryte.nu\/de\/wp-json\/wp\/v2\/pages"}],"about":[{"href":"https:\/\/bryte.nu\/de\/wp-json\/wp\/v2\/types\/page"}],"author":[{"embeddable":true,"href":"https:\/\/bryte.nu\/de\/wp-json\/wp\/v2\/users\/1"}],"replies":[{"embeddable":true,"href":"https:\/\/bryte.nu\/de\/wp-json\/wp\/v2\/comments?post=2976"}],"version-history":[{"count":1,"href":"https:\/\/bryte.nu\/de\/wp-json\/wp\/v2\/pages\/2976\/revisions"}],"predecessor-version":[{"id":2978,"href":"https:\/\/bryte.nu\/de\/wp-json\/wp\/v2\/pages\/2976\/revisions\/2978"}],"wp:attachment":[{"href":"https:\/\/bryte.nu\/de\/wp-json\/wp\/v2\/media?parent=2976"}],"curies":[{"name":"wp","href":"https:\/\/api.w.org\/{rel}","templated":true}]}}