{"id":2981,"date":"2025-07-09T09:57:29","date_gmt":"2025-07-09T07:57:29","guid":{"rendered":"https:\/\/bryte.nu\/oswiadczenie-o-ochronie-prywatnosci\/"},"modified":"2025-07-28T16:01:35","modified_gmt":"2025-07-28T14:01:35","slug":"oswiadczenie-o-ochronie-prywatnosci","status":"publish","type":"page","link":"https:\/\/bryte.nu\/pl\/oswiadczenie-o-ochronie-prywatnosci\/","title":{"rendered":"O\u015bwiadczenie o ochronie prywatno\u015bci"},"content":{"rendered":"\t\t<div data-elementor-type=\"wp-page\" data-elementor-id=\"2981\" class=\"elementor elementor-2981 elementor-1971\" data-elementor-post-type=\"page\">\n\t\t\t\t<div class=\"elementor-element elementor-element-6253e1d e-con-full e-flex e-con e-parent\" data-id=\"6253e1d\" data-element_type=\"container\" data-e-type=\"container\" data-settings=\"{&quot;background_background&quot;:&quot;classic&quot;,&quot;shape_divider_bottom&quot;:&quot;curve&quot;,&quot;shape_divider_bottom_negative&quot;:&quot;yes&quot;,&quot;jet_parallax_layout_list&quot;:[]}\">\n\t\t\t\t<div class=\"elementor-shape elementor-shape-bottom\" aria-hidden=\"true\" data-negative=\"true\">\n\t\t\t<svg xmlns=\"http:\/\/www.w3.org\/2000\/svg\" viewBox=\"0 0 1000 100\" preserveAspectRatio=\"none\">\n\t<path class=\"elementor-shape-fill\" d=\"M500,97C126.7,96.3,0.8,19.8,0,0v100l1000,0V1C1000,19.4,873.3,97.8,500,97z\"\/>\n<\/svg>\t\t<\/div>\n\t\t<div class=\"elementor-element elementor-element-8e1787c e-con-full e-flex e-con e-child\" data-id=\"8e1787c\" data-element_type=\"container\" data-e-type=\"container\" data-settings=\"{&quot;jet_parallax_layout_list&quot;:[]}\">\n\t\t\t\t<div class=\"elementor-element elementor-element-ef8bf80 elementor-widget elementor-widget-heading\" data-id=\"ef8bf80\" data-element_type=\"widget\" data-e-type=\"widget\" data-widget_type=\"heading.default\">\n\t\t\t\t<div class=\"elementor-widget-container\">\n\t\t\t\t\t<h1 class=\"elementor-heading-title elementor-size-default\">Prywatno\u015b\u0107<br>o\u015bwiadczenie<\/h1>\t\t\t\t<\/div>\n\t\t\t\t<\/div>\n\t\t\t\t<\/div>\n\t\t\t\t<\/div>\n\t\t<div class=\"elementor-element elementor-element-2c593d4 e-flex e-con-boxed e-con e-parent\" data-id=\"2c593d4\" data-element_type=\"container\" data-e-type=\"container\" data-settings=\"{&quot;jet_parallax_layout_list&quot;:[]}\">\n\t\t\t\t\t<div class=\"e-con-inner\">\n\t\t<div class=\"elementor-element elementor-element-990967a e-con-full e-flex e-con e-child\" data-id=\"990967a\" data-element_type=\"container\" data-e-type=\"container\" data-settings=\"{&quot;background_background&quot;:&quot;classic&quot;,&quot;jet_parallax_layout_list&quot;:[]}\">\n\t\t\t\t<div class=\"elementor-element elementor-element-550cb8e elementor-widget elementor-widget-text-editor\" data-id=\"550cb8e\" data-element_type=\"widget\" data-e-type=\"widget\" data-widget_type=\"text-editor.default\">\n\t\t\t\t<div class=\"elementor-widget-container\">\n\t\t\t\t\t\t\t\t\t<p>Bryte Groep BV, z siedzib\u0105 pod adresem Groeneweg 30, 2691 MP 's-Gravenzande, jest odpowiedzialna za przetwarzanie danych osobowych zgodnie z niniejszym o\u015bwiadczeniem o ochronie prywatno\u015bci.<\/p><h4 class=\"wp-block-heading fusion-responsive-typography-calculated\" data-fontsize=\"24\" data-lineheight=\"31.92px\">Dane kontaktowe<\/h4><p>Strona internetowa Bryte to: www.bryte.nu. Dane adresowe to: Groeneweg 30, 2691 MP, 's-Gravenzande. Numer telefonu: +31(0)174 - 640 750.  <\/p><p>M. Dukker jest inspektorem ochrony danych w firmie Bryte i mo\u017cna si\u0119 z ni\u0105 skontaktowa\u0107 pod adresem <a href=\"mailto:mieke@bryte.nu\">mieke@bryte.nu.<\/a><\/p><h4 class=\"fusion-responsive-typography-calculated\" data-fontsize=\"24\" data-lineheight=\"31.92px\">Przetwarzane przez nas dane osobowe<\/h4><p>Bryte przetwarza Twoje dane osobowe, poniewa\u017c korzystasz z naszych us\u0142ug i\/lub sam nam je przekazujesz. Poni\u017cej znajduje si\u0119 przegl\u0105d przetwarzanych przez nas danych osobowych: <\/p><ul><li>Nazwa firmy<\/li><li>Imi\u0119 i nazwisko<\/li><li>Dane adresowe<\/li><li>Numer telefonu<\/li><li>Adres e-mail<\/li><li>Adres IP<\/li><li>Szczeg\u00f3\u0142y lokalizacji<\/li><li>Dane dotycz\u0105ce aktywno\u015bci u\u017cytkownika na naszej stronie internetowej<\/li><li>Przegl\u0105darka internetowa i typ urz\u0105dzenia<\/li><\/ul><h4 class=\"fusion-responsive-typography-calculated\" data-fontsize=\"24\" data-lineheight=\"31.92px\">Przetwarzane przez nas specjalne i\/lub wra\u017cliwe dane osobowe<\/h4><p>Nasza witryna i\/lub us\u0142uga nie ma na celu gromadzenia danych os\u00f3b odwiedzaj\u0105cych witryn\u0119, kt\u00f3re nie uko\u0144czy\u0142y 16 roku \u017cycia. Chyba \u017ce maj\u0105 zgod\u0119 rodzic\u00f3w lub opiekun\u00f3w. Nie mo\u017cemy jednak zweryfikowa\u0107, czy odwiedzaj\u0105cy ma wi\u0119cej ni\u017c 16 lat. Dlatego zalecamy rodzicom, aby byli zaanga\u017cowani w dzia\u0142ania online swoich dzieci, aby unikn\u0105\u0107 gromadzenia danych dzieci bez zgody rodzic\u00f3w. Je\u015bli jeste\u015b przekonany, \u017ce zebrali\u015bmy dane osobowe osoby niepe\u0142noletniej bez takiej zgody, skontaktuj si\u0119 z nami pod adresem <a href=\"mailto:mieke@bryte.nu\">mieke@bryte.nu, a<\/a> my usuniemy te informacje.    <\/p><h4 class=\"fusion-responsive-typography-calculated\" data-fontsize=\"24\" data-lineheight=\"31.92px\">W jakim celu i na jakiej podstawie przetwarzamy dane osobowe?<\/h4><p>Bryte przetwarza dane osobowe u\u017cytkownika w nast\u0119puj\u0105cych celach:<\/p><ul><li>Dzwonienie lub wysy\u0142anie wiadomo\u015bci e-mail, je\u015bli jest to konieczne do \u015bwiadczenia naszych us\u0142ug<\/li><li>Informowanie u\u017cytkownika o zmianach w naszych us\u0142ugach, asortymencie i produktach<\/li><li>Dostarczanie u\u017cytkownikowi towar\u00f3w i us\u0142ug<\/li><li>Bryte przetwarza r\u00f3wnie\u017c dane osobowe, je\u015bli jeste\u015bmy do tego prawnie zobowi\u0105zani, np. dane potrzebne do z\u0142o\u017cenia zeznania podatkowego.<\/li><\/ul><h4 class=\"fusion-responsive-typography-calculated\" data-fontsize=\"24\" data-lineheight=\"31.92px\">Zautomatyzowane podejmowanie decyzji<\/h4><p>Bryte nie podejmuje decyzji w sprawach, kt\u00f3re mog\u0142yby (znacz\u0105co) wp\u0142yn\u0105\u0107 na osoby fizyczne, na podstawie zautomatyzowanego przetwarzania. S\u0105 to decyzje podejmowane przez programy lub systemy komputerowe, bez udzia\u0142u cz\u0142owieka (np. pracownika Bryte). <\/p><h4 class=\"fusion-responsive-typography-calculated\" data-fontsize=\"24\" data-lineheight=\"31.92px\">Jak d\u0142ugo przechowujemy dane osobowe<\/h4><p>Bryte nie b\u0119dzie przechowywa\u0107 danych osobowych u\u017cytkownika d\u0142u\u017cej, ni\u017c jest to bezwzgl\u0119dnie konieczne do realizacji cel\u00f3w, dla kt\u00f3rych dane te s\u0105 gromadzone.<\/p><h4 class=\"fusion-responsive-typography-calculated\" data-fontsize=\"24\" data-lineheight=\"31.92px\">Udost\u0119pnianie danych osobowych stronom trzecim<\/h4><p>Bryte nie b\u0119dzie sprzedawa\u0107 danych u\u017cytkownika stronom trzecim i przeka\u017ce je u\u017cytkownikowi tylko wtedy, gdy b\u0119dzie to konieczne do wykonania naszej umowy z u\u017cytkownikiem lub do spe\u0142nienia obowi\u0105zku prawnego. Z firmami, kt\u00f3re przetwarzaj\u0105 dane u\u017cytkownika w naszym imieniu, zawieramy umow\u0119 o przetwarzaniu danych, aby zapewni\u0107 ten sam poziom bezpiecze\u0144stwa i poufno\u015bci danych u\u017cytkownika. Bryte pozostaje odpowiedzialna za to przetwarzanie.  <\/p><h4 class=\"fusion-responsive-typography-calculated\" data-fontsize=\"24\" data-lineheight=\"31.92px\">Pliki cookie lub podobne techniki, z kt\u00f3rych korzystamy<\/h4><p>Bryte u\u017cywa funkcjonalnych i \u015bledz\u0105cych plik\u00f3w cookie. Oraz analityczne pliki cookie, kt\u00f3re nie naruszaj\u0105 prywatno\u015bci u\u017cytkownika. Plik cookie to ma\u0142y plik tekstowy, kt\u00f3ry jest przechowywany na komputerze, tablecie lub smartfonie podczas pierwszej wizyty na tej stronie. Pliki cookie, kt\u00f3rych u\u017cywamy, s\u0105 niezb\u0119dne do technicznego dzia\u0142ania witryny i u\u0142atwienia korzystania z niej. Zapewniaj\u0105 one prawid\u0142owe dzia\u0142anie witryny i, na przyk\u0142ad, zapami\u0119tywanie preferencji u\u017cytkownika. Pozwalaj\u0105 nam r\u00f3wnie\u017c na optymalizacj\u0119 naszej strony internetowej. U\u017cytkownik mo\u017ce zrezygnowa\u0107 z plik\u00f3w cookie, ustawiaj\u0105c przegl\u0105dark\u0119 internetow\u0105 tak, aby nie przechowywa\u0142a plik\u00f3w cookie. Mo\u017cna r\u00f3wnie\u017c usun\u0105\u0107 wszelkie wcze\u015bniej zapisane informacje za pomoc\u0105 ustawie\u0144 przegl\u0105darki.       <\/p><h4 class=\"fusion-responsive-typography-calculated\" data-fontsize=\"24\" data-lineheight=\"31.92px\">Wy\u015bwietlanie, modyfikowanie lub usuwanie danych<\/h4><p>U\u017cytkownik ma prawo dost\u0119pu do swoich danych osobowych, ich poprawiania lub usuni\u0119cia. U\u017cytkownik ma r\u00f3wnie\u017c prawo do wycofania ewentualnej zgody na przetwarzanie danych lub wniesienia sprzeciwu wobec przetwarzania jego danych osobowych przez nasz\u0105 firm\u0119, a tak\u017ce prawo do przenoszenia danych. Oznacza to, \u017ce u\u017cytkownik mo\u017ce zwr\u00f3ci\u0107 si\u0119 do nas z pro\u015bb\u0105 o przes\u0142anie danych osobowych, kt\u00f3re przechowujemy na jego temat w pliku komputerowym, do niego lub innej organizacji wskazanej przez niego. Je\u015bli chcesz skorzysta\u0107 z prawa do sprzeciwu i\/lub prawa do przenoszenia danych lub masz inne pytania\/komentarze dotycz\u0105ce przetwarzania danych, wy\u015blij szczeg\u00f3\u0142owy wniosek na adres <a href=\"mailto:mieke@bryte.nu\">mieke@bryte.nu.<\/a> Aby upewni\u0107 si\u0119, \u017ce wniosek o kontrol\u0119 zosta\u0142 z\u0142o\u017cony przez u\u017cytkownika, prosimy o przes\u0142anie kopii dowodu to\u017csamo\u015bci wraz z wnioskiem. W kopii tej nale\u017cy zamaza\u0107 zdj\u0119cie paszportowe, MRZ (strefa odczytu maszynowego, pasek numer\u00f3w na dole paszportu), numer paszportu i numer BSN (Citizen Service Number). Ma to na celu ochron\u0119 prywatno\u015bci. Bryte odpowie na Twoj\u0105 pro\u015bb\u0119 tak szybko, jak to mo\u017cliwe, ale w ka\u017cdym przypadku w ci\u0105gu czterech tygodni. Bryte pragnie r\u00f3wnie\u017c poinformowa\u0107, \u017ce u\u017cytkownik ma mo\u017cliwo\u015b\u0107 z\u0142o\u017cenia skargi do krajowego organu nadzorczego, Urz\u0119du Danych Osobowych. Mo\u017cna to zrobi\u0107 za po\u015brednictwem tej strony internetowej: <a href=\"https:\/\/autoriteitpersoonsgegevens.nl\/nl\/contact-met-de-autoriteit-persoonsgegevens\/tip-ons\">autoriteitpersoonsgegevens.nl<\/a>.         <\/p><h4 class=\"fusion-responsive-typography-calculated\" data-fontsize=\"24\" data-lineheight=\"31.92px\">Jak zabezpieczamy dane osobowe<\/h4><p>Bryte powa\u017cnie traktuje ochron\u0119 Twoich danych i podejmuje odpowiednie \u015brodki w celu przeciwdzia\u0142ania nadu\u017cyciom, utracie, nieautoryzowanemu dost\u0119powi, niechcianemu ujawnieniu i nieautoryzowanej modyfikacji. Je\u015bli masz wra\u017cenie, \u017ce Twoje dane nie s\u0105 odpowiednio zabezpieczone lub istniej\u0105 oznaki niew\u0142a\u015bciwego wykorzystania, skontaktuj si\u0119 z nasz\u0105 administracj\u0105 lub za po\u015brednictwem <a href=\"mailto:mieke@bryte.nu\">mieke@bryte.nu.<\/a> <\/p>\t\t\t\t\t\t\t\t<\/div>\n\t\t\t\t<\/div>\n\t\t\t\t<\/div>\n\t\t\t\t\t<\/div>\n\t\t\t\t<\/div>\n\t\t\t\t<\/div>\n\t\t","protected":false},"excerpt":{"rendered":"<p>Prywatno\u015b\u0107o\u015bwiadczenie Bryte Groep BV, z siedzib\u0105 pod adresem Groeneweg 30, 2691 MP 's-Gravenzande, jest odpowiedzialna za przetwarzanie danych osobowych zgodnie z niniejszym o\u015bwiadczeniem o ochronie prywatno\u015bci. Dane kontaktowe Strona internetowa Bryte to: www.bryte.nu. Dane adresowe to: Groeneweg 30, 2691 MP, 's-Gravenzande. Numer telefonu: +31(0)174 - 640 750. M. Dukker jest inspektorem ochrony danych w firmie [&hellip;]<\/p>\n","protected":false},"author":1,"featured_media":0,"parent":0,"menu_order":0,"comment_status":"closed","ping_status":"closed","template":"","meta":{"footnotes":""},"class_list":["post-2981","page","type-page","status-publish","hentry"],"yoast_head":"<!-- This site is optimized with the Yoast SEO plugin v27.4 - https:\/\/yoast.com\/product\/yoast-seo-wordpress\/ -->\n<title>O\u015bwiadczenie o ochronie prywatno\u015bci - Bryte.<\/title>\n<meta name=\"robots\" content=\"index, follow, max-snippet:-1, max-image-preview:large, max-video-preview:-1\" \/>\n<link rel=\"canonical\" href=\"https:\/\/bryte.nu\/pl\/oswiadczenie-o-ochronie-prywatnosci\/\" \/>\n<meta property=\"og:locale\" content=\"pl_PL\" \/>\n<meta property=\"og:type\" content=\"article\" \/>\n<meta property=\"og:title\" content=\"O\u015bwiadczenie o ochronie prywatno\u015bci - Bryte.\" \/>\n<meta property=\"og:description\" content=\"Prywatno\u015b\u0107o\u015bwiadczenie Bryte Groep BV, z siedzib\u0105 pod adresem Groeneweg 30, 2691 MP &#039;s-Gravenzande, jest odpowiedzialna za przetwarzanie danych osobowych zgodnie z niniejszym o\u015bwiadczeniem o ochronie prywatno\u015bci. Dane kontaktowe Strona internetowa Bryte to: www.bryte.nu. Dane adresowe to: Groeneweg 30, 2691 MP, &#039;s-Gravenzande. Numer telefonu: +31(0)174 - 640 750. M. Dukker jest inspektorem ochrony danych w firmie [&hellip;]\" \/>\n<meta property=\"og:url\" content=\"https:\/\/bryte.nu\/pl\/oswiadczenie-o-ochronie-prywatnosci\/\" \/>\n<meta property=\"og:site_name\" content=\"Bryte\" \/>\n<meta property=\"article:publisher\" content=\"https:\/\/www.facebook.com\/BryteGroep\/\" \/>\n<meta property=\"article:modified_time\" content=\"2025-07-28T14:01:35+00:00\" \/>\n<meta name=\"twitter:card\" content=\"summary_large_image\" \/>\n<meta name=\"twitter:label1\" content=\"Szacowany czas czytania\" \/>\n\t<meta name=\"twitter:data1\" content=\"4 minut\" \/>\n<script type=\"application\/ld+json\" class=\"yoast-schema-graph\">{\"@context\":\"https:\\\/\\\/schema.org\",\"@graph\":[{\"@type\":\"WebPage\",\"@id\":\"https:\\\/\\\/bryte.nu\\\/pl\\\/oswiadczenie-o-ochronie-prywatnosci\\\/\",\"url\":\"https:\\\/\\\/bryte.nu\\\/pl\\\/oswiadczenie-o-ochronie-prywatnosci\\\/\",\"name\":\"O\u015bwiadczenie o ochronie prywatno\u015bci - Bryte.\",\"isPartOf\":{\"@id\":\"https:\\\/\\\/bryte.nu\\\/pl\\\/#website\"},\"datePublished\":\"2025-07-09T07:57:29+00:00\",\"dateModified\":\"2025-07-28T14:01:35+00:00\",\"breadcrumb\":{\"@id\":\"https:\\\/\\\/bryte.nu\\\/pl\\\/oswiadczenie-o-ochronie-prywatnosci\\\/#breadcrumb\"},\"inLanguage\":\"pl-PL\",\"potentialAction\":[{\"@type\":\"ReadAction\",\"target\":[\"https:\\\/\\\/bryte.nu\\\/pl\\\/oswiadczenie-o-ochronie-prywatnosci\\\/\"]}]},{\"@type\":\"BreadcrumbList\",\"@id\":\"https:\\\/\\\/bryte.nu\\\/pl\\\/oswiadczenie-o-ochronie-prywatnosci\\\/#breadcrumb\",\"itemListElement\":[{\"@type\":\"ListItem\",\"position\":1,\"name\":\"Strona g\u0142\u00f3wna\",\"item\":\"https:\\\/\\\/bryte.nu\\\/pl\\\/strona-glowna\\\/\"},{\"@type\":\"ListItem\",\"position\":2,\"name\":\"O\u015bwiadczenie o ochronie prywatno\u015bci\"}]},{\"@type\":\"WebSite\",\"@id\":\"https:\\\/\\\/bryte.nu\\\/pl\\\/#website\",\"url\":\"https:\\\/\\\/bryte.nu\\\/pl\\\/\",\"name\":\"Bryte\",\"description\":\"Gdzie ro\u015bnie szcz\u0119\u015bcie\",\"publisher\":{\"@id\":\"https:\\\/\\\/bryte.nu\\\/pl\\\/#organization\"},\"potentialAction\":[{\"@type\":\"SearchAction\",\"target\":{\"@type\":\"EntryPoint\",\"urlTemplate\":\"https:\\\/\\\/bryte.nu\\\/pl\\\/?s={search_term_string}\"},\"query-input\":{\"@type\":\"PropertyValueSpecification\",\"valueRequired\":true,\"valueName\":\"search_term_string\"}}],\"inLanguage\":\"pl-PL\"},{\"@type\":\"Organization\",\"@id\":\"https:\\\/\\\/bryte.nu\\\/pl\\\/#organization\",\"name\":\"Bryte\",\"url\":\"https:\\\/\\\/bryte.nu\\\/pl\\\/\",\"logo\":{\"@type\":\"ImageObject\",\"inLanguage\":\"pl-PL\",\"@id\":\"https:\\\/\\\/bryte.nu\\\/pl\\\/#\\\/schema\\\/logo\\\/image\\\/\",\"url\":\"https:\\\/\\\/bryte.nu\\\/wp-content\\\/uploads\\\/2025\\\/05\\\/20180873-Bryte-Logo-rgb-DEF.png\",\"contentUrl\":\"https:\\\/\\\/bryte.nu\\\/wp-content\\\/uploads\\\/2025\\\/05\\\/20180873-Bryte-Logo-rgb-DEF.png\",\"width\":1477,\"height\":1182,\"caption\":\"Bryte\"},\"image\":{\"@id\":\"https:\\\/\\\/bryte.nu\\\/pl\\\/#\\\/schema\\\/logo\\\/image\\\/\"},\"sameAs\":[\"https:\\\/\\\/www.facebook.com\\\/BryteGroep\\\/\",\"https:\\\/\\\/www.instagram.com\\\/bryte_groep\\\/\",\"https:\\\/\\\/www.linkedin.com\\\/company\\\/bryte-groep\\\/\"]}]}<\/script>\n<!-- \/ Yoast SEO plugin. -->","yoast_head_json":{"title":"O\u015bwiadczenie o ochronie prywatno\u015bci - Bryte.","robots":{"index":"index","follow":"follow","max-snippet":"max-snippet:-1","max-image-preview":"max-image-preview:large","max-video-preview":"max-video-preview:-1"},"canonical":"https:\/\/bryte.nu\/pl\/oswiadczenie-o-ochronie-prywatnosci\/","og_locale":"pl_PL","og_type":"article","og_title":"O\u015bwiadczenie o ochronie prywatno\u015bci - Bryte.","og_description":"Prywatno\u015b\u0107o\u015bwiadczenie Bryte Groep BV, z siedzib\u0105 pod adresem Groeneweg 30, 2691 MP 's-Gravenzande, jest odpowiedzialna za przetwarzanie danych osobowych zgodnie z niniejszym o\u015bwiadczeniem o ochronie prywatno\u015bci. Dane kontaktowe Strona internetowa Bryte to: www.bryte.nu. Dane adresowe to: Groeneweg 30, 2691 MP, 's-Gravenzande. Numer telefonu: +31(0)174 - 640 750. M. Dukker jest inspektorem ochrony danych w firmie [&hellip;]","og_url":"https:\/\/bryte.nu\/pl\/oswiadczenie-o-ochronie-prywatnosci\/","og_site_name":"Bryte","article_publisher":"https:\/\/www.facebook.com\/BryteGroep\/","article_modified_time":"2025-07-28T14:01:35+00:00","twitter_card":"summary_large_image","twitter_misc":{"Szacowany czas czytania":"4 minut"},"schema":{"@context":"https:\/\/schema.org","@graph":[{"@type":"WebPage","@id":"https:\/\/bryte.nu\/pl\/oswiadczenie-o-ochronie-prywatnosci\/","url":"https:\/\/bryte.nu\/pl\/oswiadczenie-o-ochronie-prywatnosci\/","name":"O\u015bwiadczenie o ochronie prywatno\u015bci - Bryte.","isPartOf":{"@id":"https:\/\/bryte.nu\/pl\/#website"},"datePublished":"2025-07-09T07:57:29+00:00","dateModified":"2025-07-28T14:01:35+00:00","breadcrumb":{"@id":"https:\/\/bryte.nu\/pl\/oswiadczenie-o-ochronie-prywatnosci\/#breadcrumb"},"inLanguage":"pl-PL","potentialAction":[{"@type":"ReadAction","target":["https:\/\/bryte.nu\/pl\/oswiadczenie-o-ochronie-prywatnosci\/"]}]},{"@type":"BreadcrumbList","@id":"https:\/\/bryte.nu\/pl\/oswiadczenie-o-ochronie-prywatnosci\/#breadcrumb","itemListElement":[{"@type":"ListItem","position":1,"name":"Strona g\u0142\u00f3wna","item":"https:\/\/bryte.nu\/pl\/strona-glowna\/"},{"@type":"ListItem","position":2,"name":"O\u015bwiadczenie o ochronie prywatno\u015bci"}]},{"@type":"WebSite","@id":"https:\/\/bryte.nu\/pl\/#website","url":"https:\/\/bryte.nu\/pl\/","name":"Bryte","description":"Gdzie ro\u015bnie szcz\u0119\u015bcie","publisher":{"@id":"https:\/\/bryte.nu\/pl\/#organization"},"potentialAction":[{"@type":"SearchAction","target":{"@type":"EntryPoint","urlTemplate":"https:\/\/bryte.nu\/pl\/?s={search_term_string}"},"query-input":{"@type":"PropertyValueSpecification","valueRequired":true,"valueName":"search_term_string"}}],"inLanguage":"pl-PL"},{"@type":"Organization","@id":"https:\/\/bryte.nu\/pl\/#organization","name":"Bryte","url":"https:\/\/bryte.nu\/pl\/","logo":{"@type":"ImageObject","inLanguage":"pl-PL","@id":"https:\/\/bryte.nu\/pl\/#\/schema\/logo\/image\/","url":"https:\/\/bryte.nu\/wp-content\/uploads\/2025\/05\/20180873-Bryte-Logo-rgb-DEF.png","contentUrl":"https:\/\/bryte.nu\/wp-content\/uploads\/2025\/05\/20180873-Bryte-Logo-rgb-DEF.png","width":1477,"height":1182,"caption":"Bryte"},"image":{"@id":"https:\/\/bryte.nu\/pl\/#\/schema\/logo\/image\/"},"sameAs":["https:\/\/www.facebook.com\/BryteGroep\/","https:\/\/www.instagram.com\/bryte_groep\/","https:\/\/www.linkedin.com\/company\/bryte-groep\/"]}]}},"_links":{"self":[{"href":"https:\/\/bryte.nu\/pl\/wp-json\/wp\/v2\/pages\/2981","targetHints":{"allow":["GET"]}}],"collection":[{"href":"https:\/\/bryte.nu\/pl\/wp-json\/wp\/v2\/pages"}],"about":[{"href":"https:\/\/bryte.nu\/pl\/wp-json\/wp\/v2\/types\/page"}],"author":[{"embeddable":true,"href":"https:\/\/bryte.nu\/pl\/wp-json\/wp\/v2\/users\/1"}],"replies":[{"embeddable":true,"href":"https:\/\/bryte.nu\/pl\/wp-json\/wp\/v2\/comments?post=2981"}],"version-history":[{"count":1,"href":"https:\/\/bryte.nu\/pl\/wp-json\/wp\/v2\/pages\/2981\/revisions"}],"predecessor-version":[{"id":2983,"href":"https:\/\/bryte.nu\/pl\/wp-json\/wp\/v2\/pages\/2981\/revisions\/2983"}],"wp:attachment":[{"href":"https:\/\/bryte.nu\/pl\/wp-json\/wp\/v2\/media?parent=2981"}],"curies":[{"name":"wp","href":"https:\/\/api.w.org\/{rel}","templated":true}]}}