{"id":2979,"date":"2025-07-09T09:57:29","date_gmt":"2025-07-09T07:57:29","guid":{"rendered":"https:\/\/bryte.nu\/declaratie-de-confidentialitate\/"},"modified":"2025-07-28T16:01:32","modified_gmt":"2025-07-28T14:01:32","slug":"declaratie-de-confidentialitate","status":"publish","type":"page","link":"https:\/\/bryte.nu\/ro\/declaratie-de-confidentialitate\/","title":{"rendered":"Declara\u021bie de confiden\u021bialitate"},"content":{"rendered":"\t\t<div data-elementor-type=\"wp-page\" data-elementor-id=\"2979\" class=\"elementor elementor-2979 elementor-1971\" data-elementor-post-type=\"page\">\n\t\t\t\t<div class=\"elementor-element elementor-element-6253e1d e-con-full e-flex e-con e-parent\" data-id=\"6253e1d\" data-element_type=\"container\" data-e-type=\"container\" data-settings=\"{&quot;background_background&quot;:&quot;classic&quot;,&quot;shape_divider_bottom&quot;:&quot;curve&quot;,&quot;shape_divider_bottom_negative&quot;:&quot;yes&quot;,&quot;jet_parallax_layout_list&quot;:[]}\">\n\t\t\t\t<div class=\"elementor-shape elementor-shape-bottom\" aria-hidden=\"true\" data-negative=\"true\">\n\t\t\t<svg xmlns=\"http:\/\/www.w3.org\/2000\/svg\" viewBox=\"0 0 1000 100\" preserveAspectRatio=\"none\">\n\t<path class=\"elementor-shape-fill\" d=\"M500,97C126.7,96.3,0.8,19.8,0,0v100l1000,0V1C1000,19.4,873.3,97.8,500,97z\"\/>\n<\/svg>\t\t<\/div>\n\t\t<div class=\"elementor-element elementor-element-8e1787c e-con-full e-flex e-con e-child\" data-id=\"8e1787c\" data-element_type=\"container\" data-e-type=\"container\" data-settings=\"{&quot;jet_parallax_layout_list&quot;:[]}\">\n\t\t\t\t<div class=\"elementor-element elementor-element-ef8bf80 elementor-widget elementor-widget-heading\" data-id=\"ef8bf80\" data-element_type=\"widget\" data-e-type=\"widget\" data-widget_type=\"heading.default\">\n\t\t\t\t<div class=\"elementor-widget-container\">\n\t\t\t\t\t<h1 class=\"elementor-heading-title elementor-size-default\">Confiden\u021bialitate<br>declara\u021bie<\/h1>\t\t\t\t<\/div>\n\t\t\t\t<\/div>\n\t\t\t\t<\/div>\n\t\t\t\t<\/div>\n\t\t<div class=\"elementor-element elementor-element-2c593d4 e-flex e-con-boxed e-con e-parent\" data-id=\"2c593d4\" data-element_type=\"container\" data-e-type=\"container\" data-settings=\"{&quot;jet_parallax_layout_list&quot;:[]}\">\n\t\t\t\t\t<div class=\"e-con-inner\">\n\t\t<div class=\"elementor-element elementor-element-990967a e-con-full e-flex e-con e-child\" data-id=\"990967a\" data-element_type=\"container\" data-e-type=\"container\" data-settings=\"{&quot;background_background&quot;:&quot;classic&quot;,&quot;jet_parallax_layout_list&quot;:[]}\">\n\t\t\t\t<div class=\"elementor-element elementor-element-550cb8e elementor-widget elementor-widget-text-editor\" data-id=\"550cb8e\" data-element_type=\"widget\" data-e-type=\"widget\" data-widget_type=\"text-editor.default\">\n\t\t\t\t<div class=\"elementor-widget-container\">\n\t\t\t\t\t\t\t\t\t<p>Bryte Groep BV, cu sediul \u00een Groeneweg 30, 2691 MP 's-Gravenzande, este responsabil\u0103 pentru prelucrarea datelor cu caracter personal, astfel cum se reflect\u0103 \u00een prezenta declara\u021bie de confiden\u021bialitate.<\/p><h4 class=\"wp-block-heading fusion-responsive-typography-calculated\" data-fontsize=\"24\" data-lineheight=\"31.92px\">Date de contact<\/h4><p>Site-ul lui Bryte este: www.bryte.nu. Detaliile adresei sunt: Groeneweg 30, 2691 MP, 's-Gravenzande. Num\u0103rul de telefon este: +31(0)174 - 640 750.  <\/p><p>M. Dukker este responsabilul cu protec\u021bia datelor al Bryte \u0219i poate fi contactat\u0103 la <a href=\"mailto:mieke@bryte.nu\">mieke@bryte.nu.<\/a><\/p><h4 class=\"fusion-responsive-typography-calculated\" data-fontsize=\"24\" data-lineheight=\"31.92px\">Datele cu caracter personal pe care le prelucr\u0103m<\/h4><p>Bryte prelucreaz\u0103 datele dumneavoastr\u0103 cu caracter personal pentru c\u0103 utiliza\u021bi serviciile noastre \u0219i\/sau pentru c\u0103 ni le furniza\u021bi chiar dumneavoastr\u0103. Mai jos este o prezentare general\u0103 a datelor cu caracter personal pe care le prelucr\u0103m: <\/p><ul><li>Numele companiei<\/li><li>Numele \u0219i prenumele<\/li><li>Detalii adres\u0103<\/li><li>Num\u0103r de telefon<\/li><li>Adresa de e-mail<\/li><li>Adresa IP<\/li><li>Detalii despre loca\u021bie<\/li><li>Date privind activit\u0103\u021bile dumneavoastr\u0103 pe site-ul nostru web<\/li><li>Browser de internet \u0219i tip de dispozitiv<\/li><\/ul><h4 class=\"fusion-responsive-typography-calculated\" data-fontsize=\"24\" data-lineheight=\"31.92px\">Date cu caracter personal speciale \u0219i\/sau sensibile pe care le prelucr\u0103m<\/h4><p>Site-ul \u0219i\/sau serviciul nostru nu inten\u021bioneaz\u0103 s\u0103 colecteze date privind vizitatorii site-ului care au sub 16 ani. Cu excep\u021bia cazului \u00een care ace\u0219tia au acordul p\u0103rin\u021bilor sau al tutorelui. Cu toate acestea, nu putem verifica dac\u0103 un vizitator are mai mult de 16 ani. Prin urmare, sf\u0103tuim p\u0103rin\u021bii s\u0103 se implice \u00een activit\u0103\u021bile online ale copiilor lor pentru a evita colectarea de date privind copiii f\u0103r\u0103 consim\u021b\u0103m\u00e2ntul p\u0103rin\u021bilor. Dac\u0103 sunte\u021bi convins c\u0103 am colectat date personale despre un minor f\u0103r\u0103 un astfel de consim\u021b\u0103m\u00e2nt, v\u0103 rug\u0103m s\u0103 ne contacta\u021bi la <a href=\"mailto:mieke@bryte.nu\">mieke@bryte.nu \u0219i<\/a> vom \u0219terge aceste informa\u021bii.    <\/p><h4 class=\"fusion-responsive-typography-calculated\" data-fontsize=\"24\" data-lineheight=\"31.92px\">\u00cen ce scop \u0219i pe ce baz\u0103 prelucr\u0103m datele cu caracter personal<\/h4><p>Bryte prelucreaz\u0103 datele dumneavoastr\u0103 cu caracter personal \u00een urm\u0103toarele scopuri:<\/p><ul><li>S\u0103 v\u0103 sun\u0103m sau s\u0103 v\u0103 trimitem un e-mail, dac\u0103 este necesar pentru a ne furniza serviciile<\/li><li>Informarea dumneavoastr\u0103 cu privire la modific\u0103rile aduse serviciilor, gamei de produse \u0219i produselor noastre<\/li><li>Pentru a v\u0103 furniza bunuri \u0219i servicii<\/li><li>Bryte prelucreaz\u0103, de asemenea, date cu caracter personal \u00een cazul \u00een care suntem obliga\u021bi prin lege s\u0103 facem acest lucru, cum ar fi datele de care avem nevoie pentru declara\u021bia noastr\u0103 fiscal\u0103.<\/li><\/ul><h4 class=\"fusion-responsive-typography-calculated\" data-fontsize=\"24\" data-lineheight=\"31.92px\">Automatizarea procesului decizional<\/h4><p>Bryte nu ia decizii cu privire la chestiuni care ar putea afecta (\u00een mod semnificativ) persoanele pe baza prelucr\u0103rii automatizate. Acestea sunt decizii luate de programe sau sisteme informatice, f\u0103r\u0103 a fi implicat\u0103 nicio fiin\u021b\u0103 uman\u0103 (de exemplu, un angajat al Bryte). <\/p><h4 class=\"fusion-responsive-typography-calculated\" data-fontsize=\"24\" data-lineheight=\"31.92px\">C\u00e2t timp p\u0103str\u0103m datele cu caracter personal<\/h4><p>Bryte nu va p\u0103stra datele dvs. cu caracter personal mai mult dec\u00e2t este strict necesar pentru a \u00eendeplini scopurile pentru care datele dvs. sunt colectate.<\/p><h4 class=\"fusion-responsive-typography-calculated\" data-fontsize=\"24\" data-lineheight=\"31.92px\">Schimbul de date cu caracter personal cu p\u0103r\u021bi ter\u021be<\/h4><p>Bryte nu va vinde datele dvs. c\u0103tre ter\u021bi \u0219i vi le va furniza numai dac\u0103 este necesar pentru executarea acordului nostru cu dvs. sau pentru a respecta o obliga\u021bie legal\u0103. Cu societ\u0103\u021bile care prelucreaz\u0103 datele dumneavoastr\u0103 \u00een numele nostru, \u00eencheiem un acord de prelucrare pentru a asigura acela\u0219i nivel de securitate \u0219i confiden\u021bialitate a datelor dumneavoastr\u0103. Bryte r\u0103m\u00e2ne responsabil pentru aceast\u0103 prelucrare.  <\/p><h4 class=\"fusion-responsive-typography-calculated\" data-fontsize=\"24\" data-lineheight=\"31.92px\">Cookie-uri sau tehnici similare pe care le utiliz\u0103m<\/h4><p>Bryte utilizeaz\u0103 module cookie func\u021bionale \u0219i de urm\u0103rire. \u0218i cookie-uri analitice care nu v\u0103 invadeaz\u0103 intimitatea. Un cookie este un fi\u0219ier text de mici dimensiuni care este stocat pe computerul, tableta sau smartphone-ul dvs. prima dat\u0103 c\u00e2nd vizita\u021bi acest site web. Modulele cookie pe care le utiliz\u0103m sunt necesare pentru func\u021bionarea tehnic\u0103 a site-ului web \u0219i pentru u\u0219urin\u021ba dumneavoastr\u0103 \u00een utilizare. Acestea asigur\u0103 func\u021bionarea corect\u0103 a site-ului web \u0219i, de exemplu, re\u021bin preferin\u021bele dumneavoastr\u0103. De asemenea, acestea ne permit s\u0103 optimiz\u0103m site-ul nostru web. Pute\u021bi renun\u021ba la cookie-uri prin setarea browserului dvs. de internet pentru a nu mai stoca cookie-uri. De asemenea, pute\u021bi \u0219terge orice informa\u021bii stocate anterior prin intermediul set\u0103rilor browserului dvs.       <\/p><h4 class=\"fusion-responsive-typography-calculated\" data-fontsize=\"24\" data-lineheight=\"31.92px\">Vizualizarea, modificarea sau \u0219tergerea datelor<\/h4><p>Ave\u021bi dreptul de a accesa, corecta sau \u0219terge datele dumneavoastr\u0103 cu caracter personal. De asemenea, ave\u021bi dreptul de a v\u0103 retrage eventualul consim\u021b\u0103m\u00e2nt pentru prelucrarea datelor sau de a v\u0103 opune prelucr\u0103rii datelor dvs. cu caracter personal de c\u0103tre societatea noastr\u0103 \u0219i ave\u021bi dreptul la portabilitatea datelor. Acest lucru \u00eenseamn\u0103 c\u0103 ne pute\u021bi \u00eenainta o solicitare de a trimite datele cu caracter personal pe care le de\u021binem despre dumneavoastr\u0103 \u00eentr-un fi\u0219ier informatic c\u0103tre dumneavoastr\u0103 sau c\u0103tre o alt\u0103 organiza\u021bie numit\u0103 de dumneavoastr\u0103. Dac\u0103 dori\u021bi s\u0103 v\u0103 exercita\u021bi dreptul de opozi\u021bie \u0219i\/sau dreptul la portabilitatea datelor sau dac\u0103 ave\u021bi alte \u00eentreb\u0103ri\/comentarii privind prelucrarea datelor, v\u0103 rug\u0103m s\u0103 trimite\u021bi o cerere detaliat\u0103 la adresa <a href=\"mailto:mieke@bryte.nu\">mieke@bryte.nu.<\/a> Pentru a ne asigura c\u0103 cererea de inspec\u021bie este f\u0103cut\u0103 de dumneavoastr\u0103, v\u0103 rug\u0103m s\u0103 trimite\u021bi o copie a actului dumneavoastr\u0103 de identitate \u00eempreun\u0103 cu cererea. \u00cen aceast\u0103 copie, \u00eennegri\u021bi fotografia din pa\u0219aport, MRZ (zona de citire automat\u0103, banda de numere din partea de jos a pa\u0219aportului), num\u0103rul pa\u0219aportului \u0219i num\u0103rul de serviciu pentru cet\u0103\u021beni (BSN). Aceasta pentru a v\u0103 proteja via\u021ba privat\u0103. Bryte va r\u0103spunde solicit\u0103rii dumneavoastr\u0103 c\u00e2t mai cur\u00e2nd posibil, dar \u00een orice caz \u00een termen de patru s\u0103pt\u0103m\u00e2ni. Bryte ar dori, de asemenea, s\u0103 v\u0103 informeze c\u0103 ave\u021bi posibilitatea de a depune o pl\u00e2ngere la autoritatea na\u021bional\u0103 de supraveghere, Autoritatea pentru date cu caracter personal. Pute\u021bi face acest lucru prin intermediul acestui site: <a href=\"https:\/\/autoriteitpersoonsgegevens.nl\/nl\/contact-met-de-autoriteit-persoonsgegevens\/tip-ons\">autoriteitpersoonsgegevens.nl<\/a>.         <\/p><h4 class=\"fusion-responsive-typography-calculated\" data-fontsize=\"24\" data-lineheight=\"31.92px\">Modul \u00een care securiz\u0103m datele cu caracter personal<\/h4><p>Bryte ia \u00een serios protec\u021bia datelor dumneavoastr\u0103 \u0219i ia m\u0103suri adecvate pentru a contracara abuzul, pierderea, accesul neautorizat, divulgarea nedorit\u0103 \u0219i modificarea neautorizat\u0103. Dac\u0103 ave\u021bi impresia c\u0103 datele dvs. nu sunt securizate corespunz\u0103tor sau exist\u0103 indicii de utilizare abuziv\u0103, v\u0103 rug\u0103m s\u0103 contacta\u021bi administra\u021bia noastr\u0103 sau prin <a href=\"mailto:mieke@bryte.nu\">mieke@bryte.nu.<\/a> <\/p>\t\t\t\t\t\t\t\t<\/div>\n\t\t\t\t<\/div>\n\t\t\t\t<\/div>\n\t\t\t\t\t<\/div>\n\t\t\t\t<\/div>\n\t\t\t\t<\/div>\n\t\t","protected":false},"excerpt":{"rendered":"<p>Confiden\u021bialitatedeclara\u021bie Bryte Groep BV, cu sediul \u00een Groeneweg 30, 2691 MP 's-Gravenzande, este responsabil\u0103 pentru prelucrarea datelor cu caracter personal, astfel cum se reflect\u0103 \u00een prezenta declara\u021bie de confiden\u021bialitate. Date de contact Site-ul lui Bryte este: www.bryte.nu. Detaliile adresei sunt: Groeneweg 30, 2691 MP, 's-Gravenzande. Num\u0103rul de telefon este: +31(0)174 - 640 750. M. Dukker [&hellip;]<\/p>\n","protected":false},"author":1,"featured_media":0,"parent":0,"menu_order":0,"comment_status":"closed","ping_status":"closed","template":"","meta":{"footnotes":""},"class_list":["post-2979","page","type-page","status-publish","hentry"],"yoast_head":"<!-- This site is optimized with the Yoast SEO plugin v27.4 - https:\/\/yoast.com\/product\/yoast-seo-wordpress\/ -->\n<title>Declara\u021bie de confiden\u021bialitate - Bryte<\/title>\n<meta name=\"robots\" content=\"index, follow, max-snippet:-1, max-image-preview:large, max-video-preview:-1\" \/>\n<link rel=\"canonical\" href=\"https:\/\/bryte.nu\/ro\/declaratie-de-confidentialitate\/\" \/>\n<meta property=\"og:locale\" content=\"ro_RO\" \/>\n<meta property=\"og:type\" content=\"article\" \/>\n<meta property=\"og:title\" content=\"Declara\u021bie de confiden\u021bialitate - Bryte\" \/>\n<meta property=\"og:description\" content=\"Confiden\u021bialitatedeclara\u021bie Bryte Groep BV, cu sediul \u00een Groeneweg 30, 2691 MP &#039;s-Gravenzande, este responsabil\u0103 pentru prelucrarea datelor cu caracter personal, astfel cum se reflect\u0103 \u00een prezenta declara\u021bie de confiden\u021bialitate. Date de contact Site-ul lui Bryte este: www.bryte.nu. Detaliile adresei sunt: Groeneweg 30, 2691 MP, &#039;s-Gravenzande. Num\u0103rul de telefon este: +31(0)174 - 640 750. M. Dukker [&hellip;]\" \/>\n<meta property=\"og:url\" content=\"https:\/\/bryte.nu\/ro\/declaratie-de-confidentialitate\/\" \/>\n<meta property=\"og:site_name\" content=\"Bryte\" \/>\n<meta property=\"article:publisher\" content=\"https:\/\/www.facebook.com\/BryteGroep\/\" \/>\n<meta property=\"article:modified_time\" content=\"2025-07-28T14:01:32+00:00\" \/>\n<meta name=\"twitter:card\" content=\"summary_large_image\" \/>\n<meta name=\"twitter:label1\" content=\"Timp estimat pentru citire\" \/>\n\t<meta name=\"twitter:data1\" content=\"5 minute\" \/>\n<script type=\"application\/ld+json\" class=\"yoast-schema-graph\">{\"@context\":\"https:\\\/\\\/schema.org\",\"@graph\":[{\"@type\":\"WebPage\",\"@id\":\"https:\\\/\\\/bryte.nu\\\/ro\\\/declaratie-de-confidentialitate\\\/\",\"url\":\"https:\\\/\\\/bryte.nu\\\/ro\\\/declaratie-de-confidentialitate\\\/\",\"name\":\"Declara\u021bie de confiden\u021bialitate - Bryte\",\"isPartOf\":{\"@id\":\"https:\\\/\\\/bryte.nu\\\/ro\\\/#website\"},\"datePublished\":\"2025-07-09T07:57:29+00:00\",\"dateModified\":\"2025-07-28T14:01:32+00:00\",\"breadcrumb\":{\"@id\":\"https:\\\/\\\/bryte.nu\\\/ro\\\/declaratie-de-confidentialitate\\\/#breadcrumb\"},\"inLanguage\":\"ro-RO\",\"potentialAction\":[{\"@type\":\"ReadAction\",\"target\":[\"https:\\\/\\\/bryte.nu\\\/ro\\\/declaratie-de-confidentialitate\\\/\"]}]},{\"@type\":\"BreadcrumbList\",\"@id\":\"https:\\\/\\\/bryte.nu\\\/ro\\\/declaratie-de-confidentialitate\\\/#breadcrumb\",\"itemListElement\":[{\"@type\":\"ListItem\",\"position\":1,\"name\":\"Acas\u0103\",\"item\":\"https:\\\/\\\/bryte.nu\\\/ro\\\/acasa\\\/\"},{\"@type\":\"ListItem\",\"position\":2,\"name\":\"Declara\u021bie de confiden\u021bialitate\"}]},{\"@type\":\"WebSite\",\"@id\":\"https:\\\/\\\/bryte.nu\\\/ro\\\/#website\",\"url\":\"https:\\\/\\\/bryte.nu\\\/ro\\\/\",\"name\":\"Bryte\",\"description\":\"Unde cre\u0219te fericirea\",\"publisher\":{\"@id\":\"https:\\\/\\\/bryte.nu\\\/ro\\\/#organization\"},\"potentialAction\":[{\"@type\":\"SearchAction\",\"target\":{\"@type\":\"EntryPoint\",\"urlTemplate\":\"https:\\\/\\\/bryte.nu\\\/ro\\\/?s={search_term_string}\"},\"query-input\":{\"@type\":\"PropertyValueSpecification\",\"valueRequired\":true,\"valueName\":\"search_term_string\"}}],\"inLanguage\":\"ro-RO\"},{\"@type\":\"Organization\",\"@id\":\"https:\\\/\\\/bryte.nu\\\/ro\\\/#organization\",\"name\":\"Bryte\",\"url\":\"https:\\\/\\\/bryte.nu\\\/ro\\\/\",\"logo\":{\"@type\":\"ImageObject\",\"inLanguage\":\"ro-RO\",\"@id\":\"https:\\\/\\\/bryte.nu\\\/ro\\\/#\\\/schema\\\/logo\\\/image\\\/\",\"url\":\"https:\\\/\\\/bryte.nu\\\/wp-content\\\/uploads\\\/2025\\\/05\\\/20180873-Bryte-Logo-rgb-DEF.png\",\"contentUrl\":\"https:\\\/\\\/bryte.nu\\\/wp-content\\\/uploads\\\/2025\\\/05\\\/20180873-Bryte-Logo-rgb-DEF.png\",\"width\":1477,\"height\":1182,\"caption\":\"Bryte\"},\"image\":{\"@id\":\"https:\\\/\\\/bryte.nu\\\/ro\\\/#\\\/schema\\\/logo\\\/image\\\/\"},\"sameAs\":[\"https:\\\/\\\/www.facebook.com\\\/BryteGroep\\\/\",\"https:\\\/\\\/www.instagram.com\\\/bryte_groep\\\/\",\"https:\\\/\\\/www.linkedin.com\\\/company\\\/bryte-groep\\\/\"]}]}<\/script>\n<!-- \/ Yoast SEO plugin. -->","yoast_head_json":{"title":"Declara\u021bie de confiden\u021bialitate - Bryte","robots":{"index":"index","follow":"follow","max-snippet":"max-snippet:-1","max-image-preview":"max-image-preview:large","max-video-preview":"max-video-preview:-1"},"canonical":"https:\/\/bryte.nu\/ro\/declaratie-de-confidentialitate\/","og_locale":"ro_RO","og_type":"article","og_title":"Declara\u021bie de confiden\u021bialitate - Bryte","og_description":"Confiden\u021bialitatedeclara\u021bie Bryte Groep BV, cu sediul \u00een Groeneweg 30, 2691 MP 's-Gravenzande, este responsabil\u0103 pentru prelucrarea datelor cu caracter personal, astfel cum se reflect\u0103 \u00een prezenta declara\u021bie de confiden\u021bialitate. Date de contact Site-ul lui Bryte este: www.bryte.nu. Detaliile adresei sunt: Groeneweg 30, 2691 MP, 's-Gravenzande. Num\u0103rul de telefon este: +31(0)174 - 640 750. M. Dukker [&hellip;]","og_url":"https:\/\/bryte.nu\/ro\/declaratie-de-confidentialitate\/","og_site_name":"Bryte","article_publisher":"https:\/\/www.facebook.com\/BryteGroep\/","article_modified_time":"2025-07-28T14:01:32+00:00","twitter_card":"summary_large_image","twitter_misc":{"Timp estimat pentru citire":"5 minute"},"schema":{"@context":"https:\/\/schema.org","@graph":[{"@type":"WebPage","@id":"https:\/\/bryte.nu\/ro\/declaratie-de-confidentialitate\/","url":"https:\/\/bryte.nu\/ro\/declaratie-de-confidentialitate\/","name":"Declara\u021bie de confiden\u021bialitate - Bryte","isPartOf":{"@id":"https:\/\/bryte.nu\/ro\/#website"},"datePublished":"2025-07-09T07:57:29+00:00","dateModified":"2025-07-28T14:01:32+00:00","breadcrumb":{"@id":"https:\/\/bryte.nu\/ro\/declaratie-de-confidentialitate\/#breadcrumb"},"inLanguage":"ro-RO","potentialAction":[{"@type":"ReadAction","target":["https:\/\/bryte.nu\/ro\/declaratie-de-confidentialitate\/"]}]},{"@type":"BreadcrumbList","@id":"https:\/\/bryte.nu\/ro\/declaratie-de-confidentialitate\/#breadcrumb","itemListElement":[{"@type":"ListItem","position":1,"name":"Acas\u0103","item":"https:\/\/bryte.nu\/ro\/acasa\/"},{"@type":"ListItem","position":2,"name":"Declara\u021bie de confiden\u021bialitate"}]},{"@type":"WebSite","@id":"https:\/\/bryte.nu\/ro\/#website","url":"https:\/\/bryte.nu\/ro\/","name":"Bryte","description":"Unde cre\u0219te fericirea","publisher":{"@id":"https:\/\/bryte.nu\/ro\/#organization"},"potentialAction":[{"@type":"SearchAction","target":{"@type":"EntryPoint","urlTemplate":"https:\/\/bryte.nu\/ro\/?s={search_term_string}"},"query-input":{"@type":"PropertyValueSpecification","valueRequired":true,"valueName":"search_term_string"}}],"inLanguage":"ro-RO"},{"@type":"Organization","@id":"https:\/\/bryte.nu\/ro\/#organization","name":"Bryte","url":"https:\/\/bryte.nu\/ro\/","logo":{"@type":"ImageObject","inLanguage":"ro-RO","@id":"https:\/\/bryte.nu\/ro\/#\/schema\/logo\/image\/","url":"https:\/\/bryte.nu\/wp-content\/uploads\/2025\/05\/20180873-Bryte-Logo-rgb-DEF.png","contentUrl":"https:\/\/bryte.nu\/wp-content\/uploads\/2025\/05\/20180873-Bryte-Logo-rgb-DEF.png","width":1477,"height":1182,"caption":"Bryte"},"image":{"@id":"https:\/\/bryte.nu\/ro\/#\/schema\/logo\/image\/"},"sameAs":["https:\/\/www.facebook.com\/BryteGroep\/","https:\/\/www.instagram.com\/bryte_groep\/","https:\/\/www.linkedin.com\/company\/bryte-groep\/"]}]}},"_links":{"self":[{"href":"https:\/\/bryte.nu\/ro\/wp-json\/wp\/v2\/pages\/2979","targetHints":{"allow":["GET"]}}],"collection":[{"href":"https:\/\/bryte.nu\/ro\/wp-json\/wp\/v2\/pages"}],"about":[{"href":"https:\/\/bryte.nu\/ro\/wp-json\/wp\/v2\/types\/page"}],"author":[{"embeddable":true,"href":"https:\/\/bryte.nu\/ro\/wp-json\/wp\/v2\/users\/1"}],"replies":[{"embeddable":true,"href":"https:\/\/bryte.nu\/ro\/wp-json\/wp\/v2\/comments?post=2979"}],"version-history":[{"count":1,"href":"https:\/\/bryte.nu\/ro\/wp-json\/wp\/v2\/pages\/2979\/revisions"}],"predecessor-version":[{"id":2980,"href":"https:\/\/bryte.nu\/ro\/wp-json\/wp\/v2\/pages\/2979\/revisions\/2980"}],"wp:attachment":[{"href":"https:\/\/bryte.nu\/ro\/wp-json\/wp\/v2\/media?parent=2979"}],"curies":[{"name":"wp","href":"https:\/\/api.w.org\/{rel}","templated":true}]}}