{"id":2982,"date":"2025-07-09T09:57:29","date_gmt":"2025-07-09T07:57:29","guid":{"rendered":"https:\/\/bryte.nu\/gizlilik-beyani\/"},"modified":"2025-07-28T16:01:36","modified_gmt":"2025-07-28T14:01:36","slug":"gizlilik-beyani","status":"publish","type":"page","link":"https:\/\/bryte.nu\/tr\/gizlilik-beyani\/","title":{"rendered":"Gizlilik beyan\u0131"},"content":{"rendered":"\t\t<div data-elementor-type=\"wp-page\" data-elementor-id=\"2982\" class=\"elementor elementor-2982 elementor-1971\" data-elementor-post-type=\"page\">\n\t\t\t\t<div class=\"elementor-element elementor-element-6253e1d e-con-full e-flex e-con e-parent\" data-id=\"6253e1d\" data-element_type=\"container\" data-e-type=\"container\" data-settings=\"{&quot;background_background&quot;:&quot;classic&quot;,&quot;shape_divider_bottom&quot;:&quot;curve&quot;,&quot;shape_divider_bottom_negative&quot;:&quot;yes&quot;,&quot;jet_parallax_layout_list&quot;:[]}\">\n\t\t\t\t<div class=\"elementor-shape elementor-shape-bottom\" aria-hidden=\"true\" data-negative=\"true\">\n\t\t\t<svg xmlns=\"http:\/\/www.w3.org\/2000\/svg\" viewBox=\"0 0 1000 100\" preserveAspectRatio=\"none\">\n\t<path class=\"elementor-shape-fill\" d=\"M500,97C126.7,96.3,0.8,19.8,0,0v100l1000,0V1C1000,19.4,873.3,97.8,500,97z\"\/>\n<\/svg>\t\t<\/div>\n\t\t<div class=\"elementor-element elementor-element-8e1787c e-con-full e-flex e-con e-child\" data-id=\"8e1787c\" data-element_type=\"container\" data-e-type=\"container\" data-settings=\"{&quot;jet_parallax_layout_list&quot;:[]}\">\n\t\t\t\t<div class=\"elementor-element elementor-element-ef8bf80 elementor-widget elementor-widget-heading\" data-id=\"ef8bf80\" data-element_type=\"widget\" data-e-type=\"widget\" data-widget_type=\"heading.default\">\n\t\t\t\t<div class=\"elementor-widget-container\">\n\t\t\t\t\t<h1 class=\"elementor-heading-title elementor-size-default\">Gizlilik<br>bildirimi<\/h1>\t\t\t\t<\/div>\n\t\t\t\t<\/div>\n\t\t\t\t<\/div>\n\t\t\t\t<\/div>\n\t\t<div class=\"elementor-element elementor-element-2c593d4 e-flex e-con-boxed e-con e-parent\" data-id=\"2c593d4\" data-element_type=\"container\" data-e-type=\"container\" data-settings=\"{&quot;jet_parallax_layout_list&quot;:[]}\">\n\t\t\t\t\t<div class=\"e-con-inner\">\n\t\t<div class=\"elementor-element elementor-element-990967a e-con-full e-flex e-con e-child\" data-id=\"990967a\" data-element_type=\"container\" data-e-type=\"container\" data-settings=\"{&quot;background_background&quot;:&quot;classic&quot;,&quot;jet_parallax_layout_list&quot;:[]}\">\n\t\t\t\t<div class=\"elementor-element elementor-element-550cb8e elementor-widget elementor-widget-text-editor\" data-id=\"550cb8e\" data-element_type=\"widget\" data-e-type=\"widget\" data-widget_type=\"text-editor.default\">\n\t\t\t\t<div class=\"elementor-widget-container\">\n\t\t\t\t\t\t\t\t\t<p>Groeneweg 30, 2691 MP 's-Gravenzande adresinde bulunan Bryte Groep BV, ki\u015fisel verilerin bu gizlilik bildiriminde yans\u0131t\u0131ld\u0131\u011f\u0131 \u015fekilde i\u015flenmesinden sorumludur.<\/p><h4 class=\"wp-block-heading fusion-responsive-typography-calculated\" data-fontsize=\"24\" data-lineheight=\"31.92px\">\u0130leti\u015fim bilgileri<\/h4><p>Bryte'nin web sitesi: www.bryte.nu. Adres bilgileri \u015f\u00f6yledir: Groeneweg 30, 2691 MP, 's-Gravenzande. Telefon numaras\u0131: +31(0)174 - 640 750.  <\/p><p>M. Dukker, Bryte'\u0131n Veri Koruma G\u00f6revlisidir ve kendisine <a href=\"mailto:mieke@bryte.nu\">mieke@bryte.nu<\/a> adresinden ula\u015f\u0131labilir.<\/p><h4 class=\"fusion-responsive-typography-calculated\" data-fontsize=\"24\" data-lineheight=\"31.92px\">\u0130\u015fledi\u011fimiz ki\u015fisel veriler<\/h4><p>Bryte, hizmetlerimizi kulland\u0131\u011f\u0131n\u0131z ve\/veya bize kendiniz sa\u011flad\u0131\u011f\u0131n\u0131z i\u00e7in ki\u015fisel verilerinizi i\u015fler. A\u015fa\u011f\u0131da i\u015fledi\u011fimiz ki\u015fisel verilere genel bir bak\u0131\u015f yer almaktad\u0131r: <\/p><ul><li>\u015eirket ad\u0131<\/li><li>Ad\u0131 ve soyad\u0131<\/li><li>Adres bilgileri<\/li><li>Telefon numaras\u0131<\/li><li>E-posta adresi<\/li><li>IP adresi<\/li><li>Konum ayr\u0131nt\u0131lar\u0131<\/li><li>Web sitemizdeki faaliyetleriniz hakk\u0131nda veriler<\/li><li>\u0130nternet taray\u0131c\u0131s\u0131 ve cihaz t\u00fcr\u00fc<\/li><\/ul><h4 class=\"fusion-responsive-typography-calculated\" data-fontsize=\"24\" data-lineheight=\"31.92px\">\u0130\u015fledi\u011fimiz \u00f6zel ve\/veya hassas ki\u015fisel veriler<\/h4><p>Web sitemiz ve\/veya hizmetimiz 16 ya\u015f\u0131ndan k\u00fc\u00e7\u00fck web sitesi ziyaret\u00e7ileri hakk\u0131nda veri toplama niyetinde de\u011fildir. Ebeveyn veya vasi izni olmad\u0131\u011f\u0131 s\u00fcrece. Ancak, bir ziyaret\u00e7inin 16 ya\u015f\u0131ndan b\u00fcy\u00fck olup olmad\u0131\u011f\u0131n\u0131 do\u011frulayamay\u0131z. Bu nedenle, ebeveyn izni olmadan \u00e7ocuklar hakk\u0131nda veri toplanmas\u0131n\u0131 \u00f6nlemek i\u00e7in ebeveynlere \u00e7ocuklar\u0131n\u0131n \u00e7evrimi\u00e7i etkinliklerine dahil olmalar\u0131n\u0131 tavsiye ederiz. Re\u015fit olmayan bir ki\u015fi hakk\u0131nda bu t\u00fcr bir onay olmadan ki\u015fisel veri toplad\u0131\u011f\u0131m\u0131za ikna olursan\u0131z, l\u00fctfen <a href=\"mailto:mieke@bryte.nu\">mieke@bryte.nu<\/a> adresinden bizimle ileti\u015fime ge\u00e7in ve bu bilgileri silelim.    <\/p><h4 class=\"fusion-responsive-typography-calculated\" data-fontsize=\"24\" data-lineheight=\"31.92px\">Ki\u015fisel verileri hangi ama\u00e7la ve neye dayanarak i\u015fliyoruz?<\/h4><p>Bryte, ki\u015fisel verilerinizi a\u015fa\u011f\u0131daki ama\u00e7larla i\u015flemektedir:<\/p><ul><li>Hizmetlerimizi yerine getirmek i\u00e7in gerekli olmas\u0131 halinde sizi aramak veya e-posta g\u00f6ndermek<\/li><li>Hizmetlerimiz, \u00fcr\u00fcn yelpazemiz ve \u00fcr\u00fcnlerimizdeki de\u011fi\u015fiklikler hakk\u0131nda sizi bilgilendirmek<\/li><li>Mal ve hizmetleri size ula\u015ft\u0131rmak i\u00e7in<\/li><li>Bryte, vergi beyannamemiz i\u00e7in ihtiya\u00e7 duydu\u011fumuz veriler gibi yasal olarak bunu yapmak zorunda oldu\u011fumuz durumlarda da ki\u015fisel verileri i\u015fler.<\/li><\/ul><h4 class=\"fusion-responsive-typography-calculated\" data-fontsize=\"24\" data-lineheight=\"31.92px\">Otomatik karar verme<\/h4><p>Bryte, bireyleri (\u00f6nemli \u00f6l\u00e7\u00fcde) etkileyebilecek konularda otomatik i\u015fleme temelinde kararlar almaz. Bunlar, herhangi bir insan (\u00f6rne\u011fin Bryte \u00e7al\u0131\u015fan\u0131) dahil olmaks\u0131z\u0131n bilgisayar programlar\u0131 veya sistemleri taraf\u0131ndan al\u0131nan kararlard\u0131r. <\/p><h4 class=\"fusion-responsive-typography-calculated\" data-fontsize=\"24\" data-lineheight=\"31.92px\">Ki\u015fisel verileri ne kadar s\u00fcreyle sakl\u0131yoruz<\/h4><p>Bryte, ki\u015fisel verilerinizi, verilerinizin toplanma ama\u00e7lar\u0131n\u0131 yerine getirmek i\u00e7in kesinlikle gerekli olandan daha uzun s\u00fcre saklamayacakt\u0131r.<\/p><h4 class=\"fusion-responsive-typography-calculated\" data-fontsize=\"24\" data-lineheight=\"31.92px\">Ki\u015fisel verilerin \u00fc\u00e7\u00fcnc\u00fc taraflarla payla\u015f\u0131lmas\u0131<\/h4><p>Bryte, verilerinizi \u00fc\u00e7\u00fcnc\u00fc taraflara satmayacak ve yaln\u0131zca sizinle olan s\u00f6zle\u015fmemizin ifas\u0131 veya yasal bir y\u00fck\u00fcml\u00fcl\u00fc\u011fe uymak i\u00e7in gerekli olmas\u0131 halinde size sa\u011flayacakt\u0131r. Verilerinizi bizim ad\u0131m\u0131za i\u015fleyen \u015firketlerle, verilerinizin ayn\u0131 d\u00fczeyde g\u00fcvenli\u011fini ve gizlili\u011fini sa\u011flamak i\u00e7in bir i\u015fleyici s\u00f6zle\u015fmesi yapar\u0131z. Bryte bu i\u015flemden sorumlu olmaya devam eder.  <\/p><h4 class=\"fusion-responsive-typography-calculated\" data-fontsize=\"24\" data-lineheight=\"31.92px\">Kulland\u0131\u011f\u0131m\u0131z \u00e7erezler veya benzer teknikler<\/h4><p>Bryte i\u015flevsel ve izleme \u00e7erezleri kullan\u0131r. Ve gizlili\u011finizi ihlal etmeyen analitik \u00e7erezler. \u00c7erez, bu web sitesini ilk kez ziyaret etti\u011finizde bilgisayar\u0131n\u0131zda, tabletinizde veya ak\u0131ll\u0131 telefonunuzda depolanan k\u00fc\u00e7\u00fck bir metin dosyas\u0131d\u0131r. Kulland\u0131\u011f\u0131m\u0131z \u00e7erezler, web sitesinin teknik \u00e7al\u0131\u015fmas\u0131 ve kullan\u0131m kolayl\u0131\u011f\u0131n\u0131z i\u00e7in gereklidir. Web sitesinin d\u00fczg\u00fcn \u00e7al\u0131\u015fmas\u0131n\u0131 sa\u011flarlar ve \u00f6rne\u011fin tercihlerinizi hat\u0131rlarlar. Ayr\u0131ca web sitemizi optimize etmemizi sa\u011flarlar. \u0130nternet taray\u0131c\u0131n\u0131z\u0131 art\u0131k \u00e7erez saklamayacak \u015fekilde ayarlayarak \u00e7erezleri devre d\u0131\u015f\u0131 b\u0131rakabilirsiniz. Taray\u0131c\u0131 ayarlar\u0131n\u0131z arac\u0131l\u0131\u011f\u0131yla daha \u00f6nce saklanan bilgileri de silebilirsiniz.       <\/p><h4 class=\"fusion-responsive-typography-calculated\" data-fontsize=\"24\" data-lineheight=\"31.92px\">Verileri g\u00f6r\u00fcnt\u00fcleme, de\u011fi\u015ftirme veya silme<\/h4><p>Ki\u015fisel verilerinize eri\u015fme, bunlar\u0131 d\u00fczeltme veya silme hakk\u0131na sahipsiniz. Ayr\u0131ca, veri i\u015flemeye y\u00f6nelik olas\u0131 onay\u0131n\u0131z\u0131 geri \u00e7ekme veya ki\u015fisel verilerinizin \u015firketimiz taraf\u0131ndan i\u015flenmesine itiraz etme hakk\u0131na ve veri ta\u015f\u0131nabilirli\u011fi hakk\u0131na sahipsiniz. Bu, hakk\u0131n\u0131zda bir bilgisayar dosyas\u0131nda tuttu\u011fumuz ki\u015fisel verileri size veya sizin belirledi\u011finiz ba\u015fka bir kurulu\u015fa g\u00f6ndermemiz i\u00e7in bize bir talepte bulunabilece\u011finiz anlam\u0131na gelir. \u0130tiraz hakk\u0131n\u0131z\u0131 ve\/veya veri ta\u015f\u0131nabilirli\u011fi hakk\u0131n\u0131z\u0131 kullanmak istiyorsan\u0131z veya veri i\u015fleme ile ilgili ba\u015fka sorular\u0131n\u0131z\/yorumlar\u0131n\u0131z varsa, l\u00fctfen <a href=\"mailto:mieke@bryte.nu\">mieke@bryte.nu<\/a> adresine ayr\u0131nt\u0131l\u0131 bir talep g\u00f6nderin. \u0130nceleme talebinin sizin taraf\u0131n\u0131zdan yap\u0131ld\u0131\u011f\u0131ndan emin olmak i\u00e7in, taleple birlikte kimlik belgenizin bir kopyas\u0131n\u0131 g\u00f6ndermenizi rica ediyoruz. Bu kopyada pasaport foto\u011fraf\u0131n\u0131z\u0131, MRZ'yi (makinede okunabilir b\u00f6lge, pasaportun alt\u0131ndaki say\u0131 \u015feridi), pasaport numaran\u0131z\u0131 ve Vatanda\u015f Hizmet Numaran\u0131z\u0131 (BSN) karalay\u0131n. Bu gizlili\u011finizi korumak i\u00e7indir. Bryte talebinize m\u00fcmk\u00fcn olan en k\u0131sa s\u00fcrede, ancak her durumda d\u00f6rt hafta i\u00e7inde yan\u0131t verecektir. Bryte ayr\u0131ca, ulusal denetim makam\u0131 olan Ki\u015fisel Veriler Kurumu'na \u015fikayette bulunma f\u0131rsat\u0131n\u0131z oldu\u011funu da size bildirmek ister. Bunu \u015fu web sitesi \u00fczerinden yapabilirsiniz: <a href=\"https:\/\/autoriteitpersoonsgegevens.nl\/nl\/contact-met-de-autoriteit-persoonsgegevens\/tip-ons\">autoriteitpersoonsgegevens.nl<\/a>.         <\/p><h4 class=\"fusion-responsive-typography-calculated\" data-fontsize=\"24\" data-lineheight=\"31.92px\">Ki\u015fisel verileri nas\u0131l g\u00fcvence alt\u0131na al\u0131yoruz<\/h4><p>Bryte, verilerinizin korunmas\u0131n\u0131 ciddiye al\u0131r ve k\u00f6t\u00fcye kullan\u0131m, kay\u0131p, yetkisiz eri\u015fim, istenmeyen if\u015fa ve yetkisiz de\u011fi\u015fikliklere kar\u015f\u0131 uygun \u00f6nlemleri al\u0131r. Verilerinizin uygun \u015fekilde g\u00fcvence alt\u0131na al\u0131nmad\u0131\u011f\u0131 izlenimine kap\u0131l\u0131rsan\u0131z veya k\u00f6t\u00fcye kullan\u0131m belirtileri varsa, l\u00fctfen y\u00f6netimimizle veya <a href=\"mailto:mieke@bryte.nu\">mieke@bryte.nu<\/a> adresinden ileti\u015fime ge\u00e7in. <\/p>\t\t\t\t\t\t\t\t<\/div>\n\t\t\t\t<\/div>\n\t\t\t\t<\/div>\n\t\t\t\t\t<\/div>\n\t\t\t\t<\/div>\n\t\t\t\t<\/div>\n\t\t","protected":false},"excerpt":{"rendered":"<p>Gizlilikbildirimi Groeneweg 30, 2691 MP 's-Gravenzande adresinde bulunan Bryte Groep BV, ki\u015fisel verilerin bu gizlilik bildiriminde yans\u0131t\u0131ld\u0131\u011f\u0131 \u015fekilde i\u015flenmesinden sorumludur. \u0130leti\u015fim bilgileri Bryte'nin web sitesi: www.bryte.nu. Adres bilgileri \u015f\u00f6yledir: Groeneweg 30, 2691 MP, 's-Gravenzande. Telefon numaras\u0131: +31(0)174 - 640 750. M. Dukker, Bryte'\u0131n Veri Koruma G\u00f6revlisidir ve kendisine mieke@bryte.nu adresinden ula\u015f\u0131labilir. \u0130\u015fledi\u011fimiz ki\u015fisel veriler Bryte, [&hellip;]<\/p>\n","protected":false},"author":1,"featured_media":0,"parent":0,"menu_order":0,"comment_status":"closed","ping_status":"closed","template":"","meta":{"footnotes":""},"class_list":["post-2982","page","type-page","status-publish","hentry"],"yoast_head":"<!-- This site is optimized with the Yoast SEO plugin v27.4 - https:\/\/yoast.com\/product\/yoast-seo-wordpress\/ -->\n<title>Gizlilik beyan\u0131 - Bryte<\/title>\n<meta name=\"robots\" content=\"index, follow, max-snippet:-1, max-image-preview:large, max-video-preview:-1\" \/>\n<link rel=\"canonical\" href=\"https:\/\/bryte.nu\/tr\/gizlilik-beyani\/\" \/>\n<meta property=\"og:locale\" content=\"tr_TR\" \/>\n<meta property=\"og:type\" content=\"article\" \/>\n<meta property=\"og:title\" content=\"Gizlilik beyan\u0131 - Bryte\" \/>\n<meta property=\"og:description\" content=\"Gizlilikbildirimi Groeneweg 30, 2691 MP &#039;s-Gravenzande adresinde bulunan Bryte Groep BV, ki\u015fisel verilerin bu gizlilik bildiriminde yans\u0131t\u0131ld\u0131\u011f\u0131 \u015fekilde i\u015flenmesinden sorumludur. \u0130leti\u015fim bilgileri Bryte&#039;nin web sitesi: www.bryte.nu. Adres bilgileri \u015f\u00f6yledir: Groeneweg 30, 2691 MP, &#039;s-Gravenzande. Telefon numaras\u0131: +31(0)174 - 640 750. M. Dukker, Bryte&#039;\u0131n Veri Koruma G\u00f6revlisidir ve kendisine mieke@bryte.nu adresinden ula\u015f\u0131labilir. \u0130\u015fledi\u011fimiz ki\u015fisel veriler Bryte, [&hellip;]\" \/>\n<meta property=\"og:url\" content=\"https:\/\/bryte.nu\/tr\/gizlilik-beyani\/\" \/>\n<meta property=\"og:site_name\" content=\"Bryte\" \/>\n<meta property=\"article:publisher\" content=\"https:\/\/www.facebook.com\/BryteGroep\/\" \/>\n<meta property=\"article:modified_time\" content=\"2025-07-28T14:01:36+00:00\" \/>\n<meta name=\"twitter:card\" content=\"summary_large_image\" \/>\n<meta name=\"twitter:label1\" content=\"Tahmini okuma s\u00fcresi\" \/>\n\t<meta name=\"twitter:data1\" content=\"5 dakika\" \/>\n<script type=\"application\/ld+json\" class=\"yoast-schema-graph\">{\"@context\":\"https:\\\/\\\/schema.org\",\"@graph\":[{\"@type\":\"WebPage\",\"@id\":\"https:\\\/\\\/bryte.nu\\\/tr\\\/gizlilik-beyani\\\/\",\"url\":\"https:\\\/\\\/bryte.nu\\\/tr\\\/gizlilik-beyani\\\/\",\"name\":\"Gizlilik beyan\u0131 - Bryte\",\"isPartOf\":{\"@id\":\"https:\\\/\\\/bryte.nu\\\/tr\\\/#website\"},\"datePublished\":\"2025-07-09T07:57:29+00:00\",\"dateModified\":\"2025-07-28T14:01:36+00:00\",\"breadcrumb\":{\"@id\":\"https:\\\/\\\/bryte.nu\\\/tr\\\/gizlilik-beyani\\\/#breadcrumb\"},\"inLanguage\":\"tr\",\"potentialAction\":[{\"@type\":\"ReadAction\",\"target\":[\"https:\\\/\\\/bryte.nu\\\/tr\\\/gizlilik-beyani\\\/\"]}]},{\"@type\":\"BreadcrumbList\",\"@id\":\"https:\\\/\\\/bryte.nu\\\/tr\\\/gizlilik-beyani\\\/#breadcrumb\",\"itemListElement\":[{\"@type\":\"ListItem\",\"position\":1,\"name\":\"Ev\",\"item\":\"https:\\\/\\\/bryte.nu\\\/tr\\\/ev\\\/\"},{\"@type\":\"ListItem\",\"position\":2,\"name\":\"Gizlilik beyan\u0131\"}]},{\"@type\":\"WebSite\",\"@id\":\"https:\\\/\\\/bryte.nu\\\/tr\\\/#website\",\"url\":\"https:\\\/\\\/bryte.nu\\\/tr\\\/\",\"name\":\"Bryte\",\"description\":\"Mutlulu\u011fun b\u00fcy\u00fcd\u00fc\u011f\u00fc yer\",\"publisher\":{\"@id\":\"https:\\\/\\\/bryte.nu\\\/tr\\\/#organization\"},\"potentialAction\":[{\"@type\":\"SearchAction\",\"target\":{\"@type\":\"EntryPoint\",\"urlTemplate\":\"https:\\\/\\\/bryte.nu\\\/tr\\\/?s={search_term_string}\"},\"query-input\":{\"@type\":\"PropertyValueSpecification\",\"valueRequired\":true,\"valueName\":\"search_term_string\"}}],\"inLanguage\":\"tr\"},{\"@type\":\"Organization\",\"@id\":\"https:\\\/\\\/bryte.nu\\\/tr\\\/#organization\",\"name\":\"Bryte\",\"url\":\"https:\\\/\\\/bryte.nu\\\/tr\\\/\",\"logo\":{\"@type\":\"ImageObject\",\"inLanguage\":\"tr\",\"@id\":\"https:\\\/\\\/bryte.nu\\\/tr\\\/#\\\/schema\\\/logo\\\/image\\\/\",\"url\":\"https:\\\/\\\/bryte.nu\\\/wp-content\\\/uploads\\\/2025\\\/05\\\/20180873-Bryte-Logo-rgb-DEF.png\",\"contentUrl\":\"https:\\\/\\\/bryte.nu\\\/wp-content\\\/uploads\\\/2025\\\/05\\\/20180873-Bryte-Logo-rgb-DEF.png\",\"width\":1477,\"height\":1182,\"caption\":\"Bryte\"},\"image\":{\"@id\":\"https:\\\/\\\/bryte.nu\\\/tr\\\/#\\\/schema\\\/logo\\\/image\\\/\"},\"sameAs\":[\"https:\\\/\\\/www.facebook.com\\\/BryteGroep\\\/\",\"https:\\\/\\\/www.instagram.com\\\/bryte_groep\\\/\",\"https:\\\/\\\/www.linkedin.com\\\/company\\\/bryte-groep\\\/\"]}]}<\/script>\n<!-- \/ Yoast SEO plugin. -->","yoast_head_json":{"title":"Gizlilik beyan\u0131 - Bryte","robots":{"index":"index","follow":"follow","max-snippet":"max-snippet:-1","max-image-preview":"max-image-preview:large","max-video-preview":"max-video-preview:-1"},"canonical":"https:\/\/bryte.nu\/tr\/gizlilik-beyani\/","og_locale":"tr_TR","og_type":"article","og_title":"Gizlilik beyan\u0131 - Bryte","og_description":"Gizlilikbildirimi Groeneweg 30, 2691 MP 's-Gravenzande adresinde bulunan Bryte Groep BV, ki\u015fisel verilerin bu gizlilik bildiriminde yans\u0131t\u0131ld\u0131\u011f\u0131 \u015fekilde i\u015flenmesinden sorumludur. \u0130leti\u015fim bilgileri Bryte'nin web sitesi: www.bryte.nu. Adres bilgileri \u015f\u00f6yledir: Groeneweg 30, 2691 MP, 's-Gravenzande. Telefon numaras\u0131: +31(0)174 - 640 750. M. Dukker, Bryte'\u0131n Veri Koruma G\u00f6revlisidir ve kendisine mieke@bryte.nu adresinden ula\u015f\u0131labilir. \u0130\u015fledi\u011fimiz ki\u015fisel veriler Bryte, [&hellip;]","og_url":"https:\/\/bryte.nu\/tr\/gizlilik-beyani\/","og_site_name":"Bryte","article_publisher":"https:\/\/www.facebook.com\/BryteGroep\/","article_modified_time":"2025-07-28T14:01:36+00:00","twitter_card":"summary_large_image","twitter_misc":{"Tahmini okuma s\u00fcresi":"5 dakika"},"schema":{"@context":"https:\/\/schema.org","@graph":[{"@type":"WebPage","@id":"https:\/\/bryte.nu\/tr\/gizlilik-beyani\/","url":"https:\/\/bryte.nu\/tr\/gizlilik-beyani\/","name":"Gizlilik beyan\u0131 - Bryte","isPartOf":{"@id":"https:\/\/bryte.nu\/tr\/#website"},"datePublished":"2025-07-09T07:57:29+00:00","dateModified":"2025-07-28T14:01:36+00:00","breadcrumb":{"@id":"https:\/\/bryte.nu\/tr\/gizlilik-beyani\/#breadcrumb"},"inLanguage":"tr","potentialAction":[{"@type":"ReadAction","target":["https:\/\/bryte.nu\/tr\/gizlilik-beyani\/"]}]},{"@type":"BreadcrumbList","@id":"https:\/\/bryte.nu\/tr\/gizlilik-beyani\/#breadcrumb","itemListElement":[{"@type":"ListItem","position":1,"name":"Ev","item":"https:\/\/bryte.nu\/tr\/ev\/"},{"@type":"ListItem","position":2,"name":"Gizlilik beyan\u0131"}]},{"@type":"WebSite","@id":"https:\/\/bryte.nu\/tr\/#website","url":"https:\/\/bryte.nu\/tr\/","name":"Bryte","description":"Mutlulu\u011fun b\u00fcy\u00fcd\u00fc\u011f\u00fc yer","publisher":{"@id":"https:\/\/bryte.nu\/tr\/#organization"},"potentialAction":[{"@type":"SearchAction","target":{"@type":"EntryPoint","urlTemplate":"https:\/\/bryte.nu\/tr\/?s={search_term_string}"},"query-input":{"@type":"PropertyValueSpecification","valueRequired":true,"valueName":"search_term_string"}}],"inLanguage":"tr"},{"@type":"Organization","@id":"https:\/\/bryte.nu\/tr\/#organization","name":"Bryte","url":"https:\/\/bryte.nu\/tr\/","logo":{"@type":"ImageObject","inLanguage":"tr","@id":"https:\/\/bryte.nu\/tr\/#\/schema\/logo\/image\/","url":"https:\/\/bryte.nu\/wp-content\/uploads\/2025\/05\/20180873-Bryte-Logo-rgb-DEF.png","contentUrl":"https:\/\/bryte.nu\/wp-content\/uploads\/2025\/05\/20180873-Bryte-Logo-rgb-DEF.png","width":1477,"height":1182,"caption":"Bryte"},"image":{"@id":"https:\/\/bryte.nu\/tr\/#\/schema\/logo\/image\/"},"sameAs":["https:\/\/www.facebook.com\/BryteGroep\/","https:\/\/www.instagram.com\/bryte_groep\/","https:\/\/www.linkedin.com\/company\/bryte-groep\/"]}]}},"_links":{"self":[{"href":"https:\/\/bryte.nu\/tr\/wp-json\/wp\/v2\/pages\/2982","targetHints":{"allow":["GET"]}}],"collection":[{"href":"https:\/\/bryte.nu\/tr\/wp-json\/wp\/v2\/pages"}],"about":[{"href":"https:\/\/bryte.nu\/tr\/wp-json\/wp\/v2\/types\/page"}],"author":[{"embeddable":true,"href":"https:\/\/bryte.nu\/tr\/wp-json\/wp\/v2\/users\/1"}],"replies":[{"embeddable":true,"href":"https:\/\/bryte.nu\/tr\/wp-json\/wp\/v2\/comments?post=2982"}],"version-history":[{"count":1,"href":"https:\/\/bryte.nu\/tr\/wp-json\/wp\/v2\/pages\/2982\/revisions"}],"predecessor-version":[{"id":2984,"href":"https:\/\/bryte.nu\/tr\/wp-json\/wp\/v2\/pages\/2982\/revisions\/2984"}],"wp:attachment":[{"href":"https:\/\/bryte.nu\/tr\/wp-json\/wp\/v2\/media?parent=2982"}],"curies":[{"name":"wp","href":"https:\/\/api.w.org\/{rel}","templated":true}]}}